{"id":9076,"date":"2021-04-08T16:57:37","date_gmt":"2021-04-08T16:57:37","guid":{"rendered":"https:\/\/aytekinavukatlik.com\/?page_id=9076"},"modified":"2026-02-25T13:39:31","modified_gmt":"2026-02-25T10:39:31","slug":"kadromuz","status":"publish","type":"page","link":"https:\/\/aytekinavukatlik.com\/ru\/kadromuz\/","title":{"rendered":"\u041d\u0430\u0448\u0430 \u043f\u0435\u0440\u0441\u043e\u043d\u0430\u043b"},"content":{"rendered":"<style type=\"text\/css\" data-type=\"vc_cmsms_shortcodes-custom-css\"><\/style><div data-vc-full-width=\"true\" data-vc-full-width-init=\"false\" data-vc-parallax=\"1.5\" data-vc-parallax-image=\"https:\/\/aytekinavukatlik.com\/wp-content\/uploads\/2021\/04\/aytekin-hukuk-hizmetler.jpg\" class=\"vc_row wpb_row vc_row-fluid vc_custom_1617360456477 ccs_default vc_row-has-fill vc_row-o-equal-height vc_row-flex vc_general vc_parallax vc_parallax-content-moving\"><div data-vc-parallax=\"1.5\" class=\"wpb_column vc_column_container vc_col-sm-12 vc_col-has-fill vc_general vc_parallax vc_parallax-content-moving\"><div class=\"vc_column-inner\"><div class=\"wpb_wrapper\"><div class=\"vc_empty_space\"   style=\"height: 42px\"><span class=\"vc_empty_space_inner\"><\/span><\/div><h1 style=\"color: #ffffff;text-align: center\" class=\"vc_custom_heading vc_custom_1617901137908\" >Ekibimiz<\/h1><\/div><\/div><\/div><\/div><div class=\"vc_row-full-width vc_clearfix\"><\/div><div class=\"vc_row wpb_row vc_row-fluid vc_custom_1524144864864 ccs_default\"><div class=\"wpb_column vc_column_container vc_col-sm-3 vc_col-lg-3\"><div class=\"vc_column-inner vc_custom_1524144979781\"><div class=\"wpb_wrapper\"><div class=\"cmsms_profile cmsms_shcd_6895a4c40871b2_90127981 wpb_content_element vc_clearfix\"><section class=\"cmsms_profile_inner\"><figure class=\"cmsms_profile_image\"><img class=\"full-width\" src=\"https:\/\/aytekinavukatlik.com\/wp-content\/uploads\/2023\/11\/meraytekin-1-400x580.jpg\" width=\"400\" height=\"580\" alt=\"meraytekin-1\" title=\"meraytekin-1\" \/><a class=\"cmsms_profile_image_link\" href=\"#\"><\/a><\/figure><header class=\"cmsms_profile_header\"><h3 class=\"cmsms_profile_title\"><a href=\"#\">Mert Aytekin<\/a><\/h3><span class=\"cmsms_profile_subtitle\">Sen\u0131or Lawyer<\/span><\/header><div class=\"cmsms_profile_content\"><p>Contact<br \/>\nmaytekin@aytekinavukatlik.com<\/p>\n<p>Areas of Expertise<br \/>\n\u2022 Labor Law<br \/>\n\u2022 Commercial Law<br \/>\n\u2022 Bankruptcy law<br \/>\n\u2022 Trademark &amp; Patent Law<\/p>\n<p>Education Info<br \/>\n\u2022 TOBB University Faculty of Law<br \/>\n\u2022 Double Major<\/p>\n<\/div><\/section><\/div><\/div><\/div><\/div><div class=\"wpb_column vc_column_container vc_col-sm-3 vc_col-lg-3\"><div class=\"vc_column-inner vc_custom_1524144545698\"><div class=\"wpb_wrapper\"><div class=\"cmsms_profile cmsms_shcd_6895a4acb39d54_97331389 wpb_content_element vc_clearfix\"><section class=\"cmsms_profile_inner\"><figure class=\"cmsms_profile_image\"><img class=\"full-width\" src=\"https:\/\/aytekinavukatlik.com\/wp-content\/uploads\/2023\/11\/elifpaktandogan-400x580.jpg\" width=\"400\" height=\"580\" alt=\"elifpaktandogan\" title=\"elifpaktandogan\" \/><a class=\"cmsms_profile_image_link\" href=\"#\"><\/a><\/figure><header class=\"cmsms_profile_header\"><h3 class=\"cmsms_profile_title\"><a href=\"#\">Elif Pak Tando\u011fan<\/a><\/h3><span class=\"cmsms_profile_subtitle\">Managing Attorney<\/span><\/header><div class=\"cmsms_profile_content\"><p>Contact<br \/>\nepak@aytekinavukatlik.com<\/p>\n<p>Areas of Expertise<br \/>\n\u2022 Labor Law<br \/>\n\u2022 Commercial Law<br \/>\n\u2022 Bankruptcy law<\/p>\n<p>Education Info<br \/>\n\u2022 \u0130stanbul University Faculty of Law<br \/>\n\u2022 Bah\u00e7e\u015fehir Uni. Ins. Of Soc\u0131al Sci.<\/p>\n<\/div><\/section><\/div><\/div><\/div><\/div><div class=\"wpb_column vc_column_container vc_col-sm-3 vc_col-lg-3\"><div class=\"vc_column-inner vc_custom_1524144552767\"><div class=\"wpb_wrapper\"><div class=\"cmsms_profile cmsms_shcd_69045f6ed99938_11221085 wpb_content_element vc_clearfix\"><section class=\"cmsms_profile_inner\"><figure class=\"cmsms_profile_image\"><img class=\"full-width\" src=\"https:\/\/aytekinavukatlik.com\/wp-content\/uploads\/2025\/10\/Av.-Mustafa-Emre-Bekdas.jpg\" width=\"400\" height=\"580\" alt=\"Av. Mustafa Emre Bekda\u015f\" title=\"Av. Mustafa Emre Bekda\u015f\" \/><a class=\"cmsms_profile_image_link\" href=\"#\"><\/a><\/figure><header class=\"cmsms_profile_header\"><h3 class=\"cmsms_profile_title\"><a href=\"#\">Mustafa Emre Bekda\u015f<\/a><\/h3><span class=\"cmsms_profile_subtitle\">Attorney at Law<\/span><\/header><div class=\"cmsms_profile_content\"><p>Contact<br \/>\nebekdas@aytekinavukatlik.com<br \/>\nAreas of Expertise<br \/>\n\u2022 Labor Law<br \/>\n\u2022 Commercial Law<br \/>\n\u2022 Bankruptcy law<\/p>\n<p>Education Info<br \/>\n\u2022 TOBB University of Economics and Technology Faculty of Law<\/p>\n<\/div><\/section><\/div><\/div><\/div><\/div><div class=\"wpb_column vc_column_container vc_col-sm-3\"><div class=\"vc_column-inner\"><div class=\"wpb_wrapper\"><div class=\"cmsms_profile cmsms_shcd_6895a512b66f72_15724646 wpb_content_element vc_clearfix\"><section class=\"cmsms_profile_inner\"><figure class=\"cmsms_profile_image\"><img class=\"full-width\" src=\"https:\/\/aytekinavukatlik.com\/wp-content\/uploads\/2023\/11\/yeliztoprak-400x580.jpg\" width=\"400\" height=\"580\" alt=\"yeliztoprak\" title=\"yeliztoprak\" \/><a class=\"cmsms_profile_image_link\" href=\"#\"><\/a><\/figure><header class=\"cmsms_profile_header\"><h3 class=\"cmsms_profile_title\"><a href=\"#\">Yeliz Toprak<\/a><\/h3><span class=\"cmsms_profile_subtitle\">Attorney at Law<\/span><\/header><div class=\"cmsms_profile_content\"><p>Contact<br \/>\nytoprak@aytekinavukatlik.com<\/p>\n<p>Areas of Expertise<br \/>\n\u2022 Labor Law<br \/>\n\u2022 Commercial Law<br \/>\n\u2022 Bankruptcy law<br \/>\n\u2022 Trademark &amp; Patent Law<\/p>\n<p>Education Info<br \/>\n\u2022 The Uni. of Cologne Faculty of Law<br \/>\n\u2022 Alt\u0131nba\u015f University Faculty of Law<\/p>\n<\/div><\/section><\/div><\/div><\/div><\/div><\/div><div class=\"vc_row wpb_row vc_row-fluid vc_custom_1524144864864 ccs_default\"><div class=\"wpb_column vc_column_container vc_col-sm-3 vc_col-lg-3\"><div class=\"vc_column-inner vc_custom_1524144979781\"><div class=\"wpb_wrapper\"><div class=\"cmsms_profile cmsms_shcd_69045fe094f3d5_18769968 wpb_content_element vc_clearfix\"><section class=\"cmsms_profile_inner\"><figure class=\"cmsms_profile_image\"><img class=\"full-width\" src=\"https:\/\/aytekinavukatlik.com\/wp-content\/uploads\/2025\/08\/Av.-Zehra-Demir.jpg\" width=\"400\" height=\"580\" alt=\"Av. Zehra Demir\" title=\"Av. Zehra Demir\" \/><a class=\"cmsms_profile_image_link\" href=\"#\"><\/a><\/figure><header class=\"cmsms_profile_header\"><h3 class=\"cmsms_profile_title\"><a href=\"#\">Av. Zehra Demir<\/a><\/h3><span class=\"cmsms_profile_subtitle\">Attorney at Law<\/span><\/header><div class=\"cmsms_profile_content\"><p>Contact<br \/>\nzdemir@aytekinavukatlik.com<\/p>\n<p>Areas of Expertise<br \/>\n\u2022 Labor Law<br \/>\n\u2022 Commercial Law<br \/>\n\u2022 Bankruptcy law<\/p>\n<p>Education Info<br \/>\n\u2022 \u0130stanbul University Faculty of Law<\/p>\n<\/div><\/section><\/div><\/div><\/div><\/div><div class=\"wpb_column vc_column_container vc_col-sm-3 vc_col-lg-3\"><div class=\"vc_column-inner vc_custom_1524144545698\"><div class=\"wpb_wrapper\"><div class=\"cmsms_profile cmsms_shcd_6911c02aae6a39_81567243 wpb_content_element vc_clearfix\"><section class=\"cmsms_profile_inner\"><figure class=\"cmsms_profile_image\"><img class=\"full-width\" src=\"https:\/\/aytekinavukatlik.com\/wp-content\/uploads\/2025\/11\/ali-burak-bulut.jpg\" width=\"400\" height=\"580\" alt=\"ali burak bulut\" title=\"ali burak bulut\" \/><a class=\"cmsms_profile_image_link\" href=\"#\"><\/a><\/figure><header class=\"cmsms_profile_header\"><h3 class=\"cmsms_profile_title\"><a href=\"#\">Ali Burak Bulut<\/a><\/h3><span class=\"cmsms_profile_subtitle\">TRAINEE LAWYER<\/span><\/header><div class=\"cmsms_profile_content\"><p>Contact<br \/>\nbbulut@aytekinavukatlik.com<\/p>\n<p>Areas of Expertise<br \/>\n\u2022 Labor Law<br \/>\n\u2022 Commercial Law<br \/>\n\u2022 Bankruptcy law<\/p>\n<p>Education Info<br \/>\n\u2022 \u00d6zye\u011fin University Faculty of Law<\/p>\n<\/div><\/section><\/div><\/div><\/div><\/div><div class=\"wpb_column vc_column_container vc_col-sm-3 vc_col-lg-3\"><div class=\"vc_column-inner vc_custom_1524144552767\"><div class=\"wpb_wrapper\"><div class=\"cmsms_profile cmsms_shcd_699d44097e1bd8_47280063 wpb_content_element vc_clearfix\"><section class=\"cmsms_profile_inner\"><figure class=\"cmsms_profile_image\"><img class=\"full-width\" src=\"https:\/\/aytekinavukatlik.com\/wp-content\/uploads\/2026\/02\/EKIN-BEYHAN.jpeg\" width=\"400\" height=\"580\" alt=\"EK\u0130N BEYHAN\" title=\"EK\u0130N BEYHAN\" \/><a class=\"cmsms_profile_image_link\" href=\"#\"><\/a><\/figure><header class=\"cmsms_profile_header\"><h3 class=\"cmsms_profile_title\"><a href=\"#\">Ekin Beyhan<\/a><\/h3><span class=\"cmsms_profile_subtitle\">TRAINEE LAWYER<\/span><\/header><div class=\"cmsms_profile_content\"><p>Contact<br \/>\nebeyhan@aytekinavukatlik.com<\/p>\n<p>Areas Of Expertise<br \/>\n\u2022Labor Law<br \/>\n\u2022Commercial Law<br \/>\n\u2022Bankruptcy law<\/p>\n<p>Education Info<br \/>\n\u00d6zye\u011fin University Faculty of Law<\/p>\n<\/div><\/section><\/div><\/div><\/div><\/div><div class=\"wpb_column vc_column_container vc_col-sm-3\"><div class=\"vc_column-inner\"><div class=\"wpb_wrapper\"><div class=\"cmsms_profile cmsms_shcd_699d44dfbd8ce9_08428763 wpb_content_element vc_clearfix\"><section class=\"cmsms_profile_inner\"><figure class=\"cmsms_profile_image\"><img class=\"full-width\" src=\"https:\/\/aytekinavukatlik.com\/wp-content\/uploads\/2026\/02\/AKIN-CETIN.jpeg\" width=\"400\" height=\"580\" alt=\"AKIN \u00c7ET\u0130N\" title=\"AKIN \u00c7ET\u0130N\" \/><a class=\"cmsms_profile_image_link\" href=\"#\"><\/a><\/figure><header class=\"cmsms_profile_header\"><h3 class=\"cmsms_profile_title\"><a href=\"#\">Ak\u0131n \u00c7etin<\/a><\/h3><span class=\"cmsms_profile_subtitle\">TRAINEE LAWYER<\/span><\/header><div class=\"cmsms_profile_content\"><p>Contact<br \/>\nacetin@aytekinavukatlik.com<\/p>\n<p>Areas Of Expertise<br \/>\n\u2022 Labor Law<br \/>\n\u2022 Commercial Law<br \/>\n\u2022 Bankruptcy law<br \/>\n\u2022 Trademark &amp; Patent Law<\/p>\n<p>Education Info<br \/>\n\u0130stanbul K\u00fclt\u00fcr University Faculty of Law<\/p>\n<\/div><\/section><\/div><\/div><\/div><\/div><\/div><div class=\"vc_row wpb_row vc_row-fluid vc_custom_1524144864864 ccs_default\"><div class=\"wpb_column vc_column_container vc_col-sm-3 vc_col-lg-3\"><div class=\"vc_column-inner vc_custom_1524144979781\"><div class=\"wpb_wrapper\"><div class=\"cmsms_profile cmsms_shcd_6895a534e92986_89263086 wpb_content_element vc_clearfix\"><section class=\"cmsms_profile_inner\"><figure class=\"cmsms_profile_image\"><img class=\"full-width\" src=\"https:\/\/aytekinavukatlik.com\/wp-content\/uploads\/2025\/01\/filiz-dalkilic.jpg\" width=\"400\" height=\"580\" alt=\"filiz dalk\u0131l\u0131\u00e7\" title=\"filiz dalk\u0131l\u0131\u00e7\" \/><a class=\"cmsms_profile_image_link\" href=\"#\"><\/a><\/figure><header class=\"cmsms_profile_header\"><h3 class=\"cmsms_profile_title\"><a href=\"#\">Filiz Dalk\u0131l\u0131\u00e7<\/a><\/h3><span class=\"cmsms_profile_subtitle\">Administrative Assistant<\/span><\/header><div class=\"cmsms_profile_content\"><p>Contact<br \/>\nfdalkilic@aytekinavukatlik.com<\/p>\n<p>Areas Of Expertise<br \/>\n\u2022 Administrative Assistant<\/p>\n<p>Education Info<br \/>\nAlt\u0131nba\u015f University Vocational School Of Justice<\/p>\n<\/div><\/section><\/div><\/div><\/div><\/div><div class=\"wpb_column vc_column_container vc_col-sm-3 vc_col-lg-3\"><div class=\"vc_column-inner vc_custom_1524144545698\"><div class=\"wpb_wrapper\"><\/div><\/div><\/div><div class=\"wpb_column vc_column_container vc_col-sm-3 vc_col-lg-3\"><div class=\"vc_column-inner vc_custom_1524144552767\"><div class=\"wpb_wrapper\"><\/div><\/div><\/div><div class=\"wpb_column vc_column_container vc_col-sm-3\"><div class=\"vc_column-inner\"><div class=\"wpb_wrapper\"><\/div><\/div><\/div><\/div><div class=\"vc_row wpb_row vc_row-fluid vc_custom_1524144864864 ccs_default\"><div class=\"wpb_column vc_column_container vc_col-sm-3 vc_col-lg-3\"><div class=\"vc_column-inner vc_custom_1524144979781\"><div class=\"wpb_wrapper\"><\/div><\/div><\/div><div class=\"wpb_column vc_column_container vc_col-sm-3 vc_col-lg-3\"><div class=\"vc_column-inner vc_custom_1524144545698\"><div class=\"wpb_wrapper\"><\/div><\/div><\/div><div class=\"wpb_column vc_column_container vc_col-sm-3 vc_col-lg-3\"><div class=\"vc_column-inner vc_custom_1524144552767\"><div class=\"wpb_wrapper\"><\/div><\/div><\/div><div class=\"wpb_column vc_column_container vc_col-sm-3\"><div class=\"vc_column-inner\"><div class=\"wpb_wrapper\"><\/div><\/div><\/div><\/div>","protected":false},"excerpt":{"rendered":"EkibimizMert AytekinSen\u0131or LawyerContact maytekin@aytekinavukatlik.com Areas of Expertise \u2022 Labor Law \u2022 Commercial Law \u2022 Bankruptcy law \u2022 Trademark &amp; Patent Law Education Info \u2022 TOBB University Faculty of Law \u2022 Double Major Elif Pak Tando\u011fanManaging AttorneyContact epak@aytekinavukatlik.com Areas of Expertise \u2022 Labor Law \u2022 Commercial Law \u2022 Bankruptcy law Education Info \u2022 \u0130stanbul University Faculty...","protected":false},"author":2,"featured_media":0,"parent":0,"menu_order":0,"comment_status":"closed","ping_status":"closed","template":"","meta":[],"yoast_head":"<!-- This site is optimized with the Yoast SEO plugin v15.9.2 - https:\/\/yoast.com\/wordpress\/plugins\/seo\/ -->\n<title>Kadromuz - Aytekin Hukuk<\/title>\n<link rel=\"canonical\" href=\"https:\/\/aytekinavukatlik.com\/ru\/kadromuz\/\" \/>\n<meta property=\"og:locale\" content=\"ru_RU\" \/>\n<meta property=\"og:type\" content=\"article\" \/>\n<meta property=\"og:title\" content=\"Kadromuz - Aytekin Hukuk\" \/>\n<meta property=\"og:url\" content=\"https:\/\/aytekinavukatlik.com\/ru\/kadromuz\/\" \/>\n<meta property=\"og:site_name\" content=\"Aytekin Hukuk\" \/>\n<meta property=\"article:modified_time\" content=\"2026-02-25T10:39:31+00:00\" \/>\n<meta name=\"twitter:card\" content=\"summary_large_image\" \/>\n<meta name=\"twitter:label1\" content=\"\u041f\u0440\u0438\u043c\u0435\u0440\u043d\u043e\u0435 \u0432\u0440\u0435\u043c\u044f \u0434\u043b\u044f \u0447\u0442\u0435\u043d\u0438\u044f\">\n\t<meta name=\"twitter:data1\" content=\"2 \u043c\u0438\u043d\u0443\u0442\u044b\">\n<script type=\"application\/ld+json\" class=\"yoast-schema-graph\">{\"@context\":\"https:\/\/schema.org\",\"@graph\":[{\"@type\":\"WebSite\",\"@id\":\"https:\/\/aytekinavukatlik.com\/en\/#website\",\"url\":\"https:\/\/aytekinavukatlik.com\/en\/\",\"name\":\"Aytekin Hukuk\",\"description\":\"\",\"potentialAction\":[{\"@type\":\"SearchAction\",\"target\":\"https:\/\/aytekinavukatlik.com\/en\/?s={search_term_string}\",\"query-input\":\"required name=search_term_string\"}],\"inLanguage\":\"ru-RU\"},{\"@type\":\"WebPage\",\"@id\":\"https:\/\/aytekinavukatlik.com\/kadromuz\/#webpage\",\"url\":\"https:\/\/aytekinavukatlik.com\/kadromuz\/\",\"name\":\"Kadromuz - Aytekin Hukuk\",\"isPartOf\":{\"@id\":\"https:\/\/aytekinavukatlik.com\/en\/#website\"},\"datePublished\":\"2021-04-08T16:57:37+00:00\",\"dateModified\":\"2026-02-25T10:39:31+00:00\",\"breadcrumb\":{\"@id\":\"https:\/\/aytekinavukatlik.com\/kadromuz\/#breadcrumb\"},\"inLanguage\":\"ru-RU\",\"potentialAction\":[{\"@type\":\"ReadAction\",\"target\":[\"https:\/\/aytekinavukatlik.com\/kadromuz\/\"]}]},{\"@type\":\"BreadcrumbList\",\"@id\":\"https:\/\/aytekinavukatlik.com\/kadromuz\/#breadcrumb\",\"itemListElement\":[{\"@type\":\"ListItem\",\"position\":1,\"item\":{\"@type\":\"WebPage\",\"@id\":\"https:\/\/aytekinavukatlik.com\/\",\"url\":\"https:\/\/aytekinavukatlik.com\/\",\"name\":\"Home\"}},{\"@type\":\"ListItem\",\"position\":2,\"item\":{\"@type\":\"WebPage\",\"@id\":\"https:\/\/aytekinavukatlik.com\/kadromuz\/\",\"url\":\"https:\/\/aytekinavukatlik.com\/kadromuz\/\",\"name\":\"Kadromuz\"}}]}]}<\/script>\n<!-- \/ Yoast SEO plugin. -->","_links":{"self":[{"href":"https:\/\/aytekinavukatlik.com\/ru\/wp-json\/wp\/v2\/pages\/9076"}],"collection":[{"href":"https:\/\/aytekinavukatlik.com\/ru\/wp-json\/wp\/v2\/pages"}],"about":[{"href":"https:\/\/aytekinavukatlik.com\/ru\/wp-json\/wp\/v2\/types\/page"}],"author":[{"embeddable":true,"href":"https:\/\/aytekinavukatlik.com\/ru\/wp-json\/wp\/v2\/users\/2"}],"replies":[{"embeddable":true,"href":"https:\/\/aytekinavukatlik.com\/ru\/wp-json\/wp\/v2\/comments?post=9076"}],"version-history":[{"count":69,"href":"https:\/\/aytekinavukatlik.com\/ru\/wp-json\/wp\/v2\/pages\/9076\/revisions"}],"predecessor-version":[{"id":9257,"href":"https:\/\/aytekinavukatlik.com\/ru\/wp-json\/wp\/v2\/pages\/9076\/revisions\/9257"}],"wp:attachment":[{"href":"https:\/\/aytekinavukatlik.com\/ru\/wp-json\/wp\/v2\/media?parent=9076"}],"curies":[{"name":"wp","href":"https:\/\/api.w.org\/{rel}","templated":true}]}}