{"id":8868,"date":"2021-03-31T13:01:55","date_gmt":"2021-03-31T13:01:55","guid":{"rendered":"https:\/\/aytekinavukatlik.com\/?page_id=8868"},"modified":"2021-04-24T13:36:29","modified_gmt":"2021-04-24T13:36:29","slug":"spor-hukuku","status":"publish","type":"page","link":"https:\/\/aytekinavukatlik.com\/ru\/spor-hukuku\/","title":{"rendered":"\u0421\u043f\u043e\u0440\u0442\u0438\u0432\u043d\u043e\u0435 \u043f\u0440\u0430\u0432\u043e"},"content":{"rendered":"<style type=\"text\/css\" data-type=\"vc_cmsms_shortcodes-custom-css\"><\/style><div data-vc-full-width=\"true\" data-vc-full-width-init=\"false\" data-vc-parallax=\"1.5\" data-vc-parallax-image=\"https:\/\/aytekinavukatlik.com\/wp-content\/uploads\/2021\/04\/aytekin-hukuk-hizmetler.jpg\" class=\"vc_row wpb_row vc_row-fluid vc_custom_1617362712835 ccs_default vc_row-has-fill vc_row-o-equal-height vc_row-flex vc_general vc_parallax vc_parallax-content-moving\"><div data-vc-parallax=\"1.5\" class=\"wpb_column vc_column_container vc_col-sm-12 vc_col-has-fill vc_general vc_parallax vc_parallax-content-moving\"><div class=\"vc_column-inner\"><div class=\"wpb_wrapper\"><div class=\"vc_empty_space\"   style=\"height: 42px\"><span class=\"vc_empty_space_inner\"><\/span><\/div><h2 style=\"color: #ffffff;text-align: center\" class=\"vc_custom_heading vc_custom_1617195657333\" >\u0421\u043f\u043e\u0440\u0442\u0438\u0432\u043d\u043e\u0435 \u043f\u0440\u0430\u0432\u043e<\/h2><\/div><\/div><\/div><\/div><div class=\"vc_row-full-width vc_clearfix\"><\/div><div class=\"vc_row wpb_row vc_row-fluid ccs_default\"><div class=\"wpb_column vc_column_container vc_col-sm-12\"><div class=\"vc_column-inner\"><div class=\"wpb_wrapper\">\n\t<div class=\"wpb_text_column wpb_content_element\" >\n\t\t<div class=\"wpb_wrapper\">\n\t\t\t\n\t\t<\/div>\n\t<\/div>\n<\/div><\/div><\/div><\/div><div class=\"vc_row wpb_row vc_row-fluid vc_custom_1617027931832 ccs_default\"><div class=\"wpb_column vc_column_container vc_col-sm-6\"><div class=\"vc_column-inner\"><div class=\"wpb_wrapper\"><h2 style=\"text-align: left\" class=\"vc_custom_heading\" >\u0421\u043f\u043e\u0440\u0442\u0438\u0432\u043d\u043e\u0435 \u043f\u0440\u0430\u0432\u043e<\/h2>\n\t<div class=\"wpb_text_column wpb_content_element\" >\n\t\t<div class=\"wpb_wrapper\">\n\t\t\t<p>\u042e\u0440\u0438\u0434\u0438\u0447\u0435\u0441\u043a\u043e\u0435 \u0431\u044e\u0440\u043e \u0410\u0439\u0442\u0435\u043a\u0438\u043d, \u043f\u0440\u0435\u0434\u0441\u0442\u0430\u0432\u043b\u044f\u0435\u0442 \u0438 \u0437\u0430\u0449\u0438\u0449\u0430\u0435\u0442 \u0441\u0432\u043e\u0438\u0445 \u043a\u043b\u0438\u0435\u043d\u0442\u043e\u0432 \u0432 \u043e\u0431\u043b\u0430\u0441\u0442\u0438 \u0441\u043f\u043e\u0440\u0442\u0438\u0432\u043d\u043e\u0433\u043e \u043f\u0440\u0430\u0432\u0430 \u0432 \u0421\u043f\u043e\u0440\u0442\u0438\u0432\u043d\u043e\u043c \u0430\u0440\u0431\u0438\u0442\u0440\u0430\u0436\u043d\u043e\u043c \u0441\u0443\u0434\u0435 (CAS), \u0422\u0443\u0440\u0435\u0446\u043a\u043e\u0439 \u0441\u0443\u0434\u0435\u0431\u043d\u043e\u0439 \u0441\u0438\u0441\u0442\u0435\u043c\u0435 \u0438 \u041c\u0435\u0436\u0434\u0443\u043d\u0430\u0440\u043e\u0434\u043d\u044b\u0445 \u0430\u0440\u0431\u0438\u0442\u0440\u0430\u0436\u043d\u044b\u0445 \u0441\u0443\u0434\u0430\u0445.<\/p>\n<blockquote><p>\n\u0423\u0441\u043b\u0443\u0433\u0438, \u043f\u0440\u0435\u0434\u043e\u0441\u0442\u0430\u0432\u043b\u044f\u0435\u043c\u044b\u0435 \u043d\u0430\u0448\u0438\u043c \u044e\u0440\u0438\u0434\u0438\u0447\u0435\u0441\u043a\u0438\u043c \u0431\u044e\u0440\u043e\u043c \u043c\u0435\u0441\u0442\u043d\u044b\u043c \u0438 \u0438\u043d\u043e\u0441\u0442\u0440\u0430\u043d\u043d\u044b\u043c \u044e\u0440\u0438\u0434\u0438\u0447\u0435\u0441\u043a\u0438\u043c \u0438 \u0444\u0438\u0437\u0438\u0447\u0435\u0441\u043a\u0438\u043c \u043b\u0438\u0446\u0430\u043c \u0432 \u043e\u0431\u043b\u0430\u0441\u0442\u0438 \u0441\u043f\u043e\u0440\u0442\u0438\u0432\u043d\u043e\u0433\u043e \u043f\u0440\u0430\u0432\u0430:<\/p>\n<p>&nbsp;\n<\/p><\/blockquote>\n<p class=\" translation-block\">\u041f\u043e\u0434\u0433\u043e\u0442\u043e\u0432\u043a\u0430 \u0441\u043f\u043e\u043d\u0441\u043e\u0440\u0441\u043a\u0438\u0445 \u0434\u043e\u0433\u043e\u0432\u043e\u0440\u043e\u0432 \u0434\u043b\u044f \u0441\u043f\u043e\u0440\u0442\u0438\u0432\u043d\u044b\u0445 \u043a\u043b\u0443\u0431\u043e\u0432 \u0438 \u0441\u043f\u043e\u0440\u0442\u0441\u043c\u0435\u043d\u043e\u0432,<br>\n\u041f\u043e\u0434\u0433\u043e\u0442\u043e\u0432\u043a\u0430 \u043c\u0435\u043d\u0435\u0434\u0436\u0435\u0440\u0441\u043a\u0438\u0445 \u0434\u043e\u0433\u043e\u0432\u043e\u0440\u043e\u0432,<br>\n\u0417\u0430\u0449\u0438\u0442\u0430 \u043a\u043b\u0438\u0435\u043d\u0442\u043e\u0432 \u0432 \u041c\u0435\u0436\u0434\u0443\u043d\u0430\u0440\u043e\u0434\u043d\u044b\u0445 \u0441\u043f\u043e\u0440\u0442\u0438\u0432\u043d\u044b\u0445 \u0441\u0443\u0434\u0430\u0445,<br>\n\u2022 \u0417\u0430\u0449\u0438\u0442\u0430 \u043a\u043b\u0438\u0435\u043d\u0442\u043e\u0432 \u0432 \u0441\u043e\u043e\u0442\u0432\u0435\u0442\u0441\u0442\u0432\u0443\u044e\u0449\u0438\u0445 \u0441\u0443\u0434\u0435\u0431\u043d\u044b\u0445 \u043e\u0440\u0433\u0430\u043d\u0430\u0445 \u0441\u0442\u0440\u0430\u043d\u044b,<br>\n\u2022 \u0421\u043e\u0441\u0442\u0430\u0432\u043b\u0435\u043d\u0438\u0435 \u043a\u043e\u043d\u0442\u0440\u0430\u043a\u0442\u043e\u0432 \u0441\u043e \u0441\u043f\u043e\u0440\u0442\u0441\u043c\u0435\u043d\u0430\u043c\u0438,<br>\n\u2022 \u041f\u043e\u0434\u0433\u043e\u0442\u043e\u0432\u043a\u0430 \u0434\u043e\u0433\u043e\u0432\u043e\u0440\u043e\u0432 \u043e \u0442\u0440\u0430\u043d\u0441\u0444\u0435\u0440\u0430\u0445,\n\u0420\u0430\u0441\u0441\u043c\u043e\u0442\u0440\u0435\u043d\u0438\u0435 \u044e\u0440\u0438\u0434\u0438\u0447\u0435\u0441\u043a\u0438\u0445 \u043f\u0440\u043e\u0431\u043b\u0435\u043c, \u0441\u0432\u044f\u0437\u0430\u043d\u043d\u044b\u0445 \u0441 \u043d\u0430\u043b\u043e\u0433\u043e\u043e\u0431\u043b\u043e\u0436\u0435\u043d\u0438\u0435\u043c \u043a\u043b\u0443\u0431\u043e\u0432 \u0438 \u0441\u043f\u043e\u0440\u0442\u0441\u043c\u0435\u043d\u043e\u0432,<br>\n\u041e\u0442\u0441\u043b\u0435\u0436\u0438\u0432\u0430\u043d\u0438\u0435 \u0441\u0443\u0434\u0435\u0431\u043d\u044b\u0445 \u0440\u0430\u0437\u0431\u0438\u0440\u0430\u0442\u0435\u043b\u044c\u0441\u0442\u0432 \u0432 \u043e\u0442\u043d\u043e\u0448\u0435\u043d\u0438\u0438 \u0440\u0435\u0448\u0435\u043d\u0438\u0439 \u043e \u043b\u0438\u0448\u0435\u043d\u0438\u0438 \u0438\u0437\u0431\u0438\u0440\u0430\u0442\u0435\u043b\u044c\u043d\u044b\u0445 \u043f\u0440\u0430\u0432,<br>\n\u2022 \u0423\u043f\u0440\u0430\u0432\u043b\u0435\u043d\u0438\u0435 \u043f\u0440\u043e\u0446\u0435\u0441\u0441\u0430\u043c\u0438 \u0440\u0435\u0433\u0438\u0441\u0442\u0440\u0430\u0446\u0438\u0438 \u0438 \u0442\u0440\u0430\u043d\u0441\u0444\u0435\u0440\u0430 \u0441\u043f\u043e\u0440\u0442\u0441\u043c\u0435\u043d\u043e\u0432,\n\u041e\u0442\u0432\u0435\u0442\u0441\u0442\u0432\u0435\u043d\u043d\u043e\u0441\u0442\u044c \u0437\u0430 \u043f\u0440\u0430\u0432\u043e\u043d\u0430\u0440\u0443\u0448\u0435\u043d\u0438\u0435 \u0432 \u0441\u043f\u043e\u0440\u0442\u0435,<\/p>\n<p>\u0438 \u0432 \u0434\u0440\u0443\u0433\u0438\u0445 \u043f\u043e\u0445\u043e\u0436\u0438\u0445 \u044e\u0440\u0438\u0434\u0438\u0447\u0435\u0441\u043a\u0438\u0445 \u0432\u043e\u043f\u0440\u043e\u0441\u0430\u0445.<\/p>\n\n\t\t<\/div>\n\t<\/div>\n<\/div><\/div><\/div><div class=\"wpb_column vc_column_container vc_col-sm-6\"><div class=\"vc_column-inner\"><div class=\"wpb_wrapper\">\n\t<div  class=\"wpb_single_image wpb_content_element vc_align_left\">\n\t\t\n\t\t<figure class=\"wpb_wrapper vc_figure\">\n\t\t\t<div class=\"vc_single_image-wrapper   vc_box_border_grey\"><img width=\"563\" height=\"615\" src=\"https:\/\/aytekinavukatlik.com\/wp-content\/uploads\/2021\/04\/spor-hukuku.jpg\" class=\"vc_single_image-img attachment-full\" alt=\"\" decoding=\"async\" loading=\"lazy\" srcset=\"https:\/\/aytekinavukatlik.com\/wp-content\/uploads\/2021\/04\/spor-hukuku.jpg 563w, https:\/\/aytekinavukatlik.com\/wp-content\/uploads\/2021\/04\/spor-hukuku-275x300.jpg 275w\" sizes=\"(max-width: 563px) 100vw, 563px\" \/><\/div>\n\t\t<\/figure>\n\t<\/div>\n<\/div><\/div><\/div><\/div>","protected":false},"excerpt":{"rendered":"Spor Hukuku Spor Hukuku Aytekin Hukuk B\u00fcrosu olarak, spor hukuku alan\u0131nda T\u00fcrk yarg\u0131s\u0131, Spor Tahkim Mahkemesi (CAS) ve uluslararas\u0131 tahkim mahkemelerinde m\u00fcvekkillerimizi temsil etmekte ve savunmaktay\u0131z. Hukuk b\u00fcromuzun spor hukuku anlam\u0131nda yerli ve yabanc\u0131 t\u00fczel ve ger\u00e7ek ki\u015fi m\u00fcvekkillerimize sundu\u011fu hizmetler: &nbsp; \u2022 Spor kul\u00fcplerinin ve sporcular\u0131n sponsorluk anla\u015fmalar\u0131n\u0131n haz\u0131rlanmas\u0131, \u2022 Menajerlik s\u00f6zle\u015fmelerinin haz\u0131rlanmas\u0131, \u2022...","protected":false},"author":2,"featured_media":0,"parent":0,"menu_order":0,"comment_status":"closed","ping_status":"closed","template":"","meta":[],"yoast_head":"<!-- This site is optimized with the Yoast SEO plugin v15.9.2 - https:\/\/yoast.com\/wordpress\/plugins\/seo\/ -->\n<title>Spor Hukuku - Aytekin Hukuk<\/title>\n<link rel=\"canonical\" href=\"https:\/\/aytekinavukatlik.com\/ru\/spor-hukuku\/\" \/>\n<meta property=\"og:locale\" content=\"ru_RU\" \/>\n<meta property=\"og:type\" content=\"article\" \/>\n<meta property=\"og:title\" content=\"Spor Hukuku - Aytekin Hukuk\" \/>\n<meta property=\"og:url\" content=\"https:\/\/aytekinavukatlik.com\/ru\/spor-hukuku\/\" \/>\n<meta property=\"og:site_name\" content=\"Aytekin Hukuk\" \/>\n<meta property=\"article:modified_time\" content=\"2021-04-24T13:36:29+00:00\" \/>\n<meta name=\"twitter:card\" content=\"summary_large_image\" \/>\n<meta name=\"twitter:label1\" content=\"\u041f\u0440\u0438\u043c\u0435\u0440\u043d\u043e\u0435 \u0432\u0440\u0435\u043c\u044f \u0434\u043b\u044f \u0447\u0442\u0435\u043d\u0438\u044f\">\n\t<meta name=\"twitter:data1\" content=\"1 \u043c\u0438\u043d\u0443\u0442\u0430\">\n<script type=\"application\/ld+json\" class=\"yoast-schema-graph\">{\"@context\":\"https:\/\/schema.org\",\"@graph\":[{\"@type\":\"WebSite\",\"@id\":\"https:\/\/aytekinavukatlik.com\/en\/#website\",\"url\":\"https:\/\/aytekinavukatlik.com\/en\/\",\"name\":\"Aytekin Hukuk\",\"description\":\"\",\"potentialAction\":[{\"@type\":\"SearchAction\",\"target\":\"https:\/\/aytekinavukatlik.com\/en\/?s={search_term_string}\",\"query-input\":\"required name=search_term_string\"}],\"inLanguage\":\"ru-RU\"},{\"@type\":\"WebPage\",\"@id\":\"https:\/\/aytekinavukatlik.com\/en\/spor-hukuku\/#webpage\",\"url\":\"https:\/\/aytekinavukatlik.com\/en\/spor-hukuku\/\",\"name\":\"Spor Hukuku - Aytekin Hukuk\",\"isPartOf\":{\"@id\":\"https:\/\/aytekinavukatlik.com\/en\/#website\"},\"datePublished\":\"2021-03-31T13:01:55+00:00\",\"dateModified\":\"2021-04-24T13:36:29+00:00\",\"breadcrumb\":{\"@id\":\"https:\/\/aytekinavukatlik.com\/en\/spor-hukuku\/#breadcrumb\"},\"inLanguage\":\"ru-RU\",\"potentialAction\":[{\"@type\":\"ReadAction\",\"target\":[\"https:\/\/aytekinavukatlik.com\/en\/spor-hukuku\/\"]}]},{\"@type\":\"BreadcrumbList\",\"@id\":\"https:\/\/aytekinavukatlik.com\/en\/spor-hukuku\/#breadcrumb\",\"itemListElement\":[{\"@type\":\"ListItem\",\"position\":1,\"item\":{\"@type\":\"WebPage\",\"@id\":\"https:\/\/aytekinavukatlik.com\/\",\"url\":\"https:\/\/aytekinavukatlik.com\/\",\"name\":\"Home\"}},{\"@type\":\"ListItem\",\"position\":2,\"item\":{\"@type\":\"WebPage\",\"@id\":\"https:\/\/aytekinavukatlik.com\/en\/spor-hukuku\/\",\"url\":\"https:\/\/aytekinavukatlik.com\/en\/spor-hukuku\/\",\"name\":\"Spor Hukuku\"}}]}]}<\/script>\n<!-- \/ Yoast SEO plugin. -->","_links":{"self":[{"href":"https:\/\/aytekinavukatlik.com\/ru\/wp-json\/wp\/v2\/pages\/8868"}],"collection":[{"href":"https:\/\/aytekinavukatlik.com\/ru\/wp-json\/wp\/v2\/pages"}],"about":[{"href":"https:\/\/aytekinavukatlik.com\/ru\/wp-json\/wp\/v2\/types\/page"}],"author":[{"embeddable":true,"href":"https:\/\/aytekinavukatlik.com\/ru\/wp-json\/wp\/v2\/users\/2"}],"replies":[{"embeddable":true,"href":"https:\/\/aytekinavukatlik.com\/ru\/wp-json\/wp\/v2\/comments?post=8868"}],"version-history":[{"count":5,"href":"https:\/\/aytekinavukatlik.com\/ru\/wp-json\/wp\/v2\/pages\/8868\/revisions"}],"predecessor-version":[{"id":9095,"href":"https:\/\/aytekinavukatlik.com\/ru\/wp-json\/wp\/v2\/pages\/8868\/revisions\/9095"}],"wp:attachment":[{"href":"https:\/\/aytekinavukatlik.com\/ru\/wp-json\/wp\/v2\/media?parent=8868"}],"curies":[{"name":"wp","href":"https:\/\/api.w.org\/{rel}","templated":true}]}}