{"id":8844,"date":"2021-03-31T09:49:11","date_gmt":"2021-03-31T09:49:11","guid":{"rendered":"https:\/\/aytekinavukatlik.com\/?page_id=8844"},"modified":"2021-06-03T11:35:39","modified_gmt":"2021-06-03T11:35:39","slug":"yabancilar-ve-vatandaslik-hukuku","status":"publish","type":"page","link":"https:\/\/aytekinavukatlik.com\/ru\/yabancilar-ve-vatandaslik-hukuku\/","title":{"rendered":"\u0417\u0430\u043a\u043e\u043d \u043e\u0431 \u0438\u043d\u043e\u0441\u0442\u0440\u0430\u043d\u0446\u0430\u0445 \u0438 \u0433\u0440\u0430\u0436\u0434\u0430\u043d\u0441\u0442\u0432\u0435"},"content":{"rendered":"<style type=\"text\/css\" data-type=\"vc_cmsms_shortcodes-custom-css\"><\/style><div data-vc-full-width=\"true\" data-vc-full-width-init=\"false\" data-vc-parallax=\"1.5\" data-vc-parallax-image=\"https:\/\/aytekinavukatlik.com\/wp-content\/uploads\/2021\/04\/aytekin-hukuk-hizmetler.jpg\" class=\"vc_row wpb_row vc_row-fluid vc_custom_1617360281890 ccs_default vc_row-has-fill vc_row-o-equal-height vc_row-flex vc_general vc_parallax vc_parallax-content-moving\"><div data-vc-parallax=\"1.5\" class=\"wpb_column vc_column_container vc_col-sm-12 vc_col-has-fill vc_general vc_parallax vc_parallax-content-moving\"><div class=\"vc_column-inner\"><div class=\"wpb_wrapper\"><div class=\"vc_empty_space\"   style=\"height: 42px\"><span class=\"vc_empty_space_inner\"><\/span><\/div><h2 style=\"color: #ffffff;text-align: center\" class=\"vc_custom_heading vc_custom_1619708837299\" >\u0417\u0430\u043a\u043e\u043d \u043e\u0431 \u0438\u043d\u043e\u0441\u0442\u0440\u0430\u043d\u0446\u0430\u0445 \u0438 \u0433\u0440\u0430\u0436\u0434\u0430\u043d\u0441\u0442\u0432\u0435<\/h2><\/div><\/div><\/div><\/div><div class=\"vc_row-full-width vc_clearfix\"><\/div><div class=\"vc_row wpb_row vc_row-fluid ccs_default\"><div class=\"wpb_column vc_column_container vc_col-sm-12\"><div class=\"vc_column-inner\"><div class=\"wpb_wrapper\">\n\t<div class=\"wpb_text_column wpb_content_element\" >\n\t\t<div class=\"wpb_wrapper\">\n\t\t\t\n\t\t<\/div>\n\t<\/div>\n<\/div><\/div><\/div><\/div><div class=\"vc_row wpb_row vc_row-fluid vc_custom_1617027931832 ccs_default\"><div class=\"wpb_column vc_column_container vc_col-sm-6\"><div class=\"vc_column-inner\"><div class=\"wpb_wrapper\"><h2 style=\"text-align: left\" class=\"vc_custom_heading\" >\u0417\u0430\u043a\u043e\u043d \u043e\u0431 \u0438\u043d\u043e\u0441\u0442\u0440\u0430\u043d\u0446\u0430\u0445 \u0438 \u0433\u0440\u0430\u0436\u0434\u0430\u043d\u0441\u0442\u0432\u0435<\/h2>\n\t<div class=\"wpb_text_column wpb_content_element\" >\n\t\t<div class=\"wpb_wrapper\">\n\t\t\t<p>\u042e\u0440\u0438\u0434\u0438\u0447\u0435\u0441\u043a\u043e\u0435 \u0431\u044e\u0440\u043e \u0410\u0439\u0442\u0435\u043a\u0438\u043d,  \u0432\u043c\u0435\u0441\u0442\u0435 \u0441\u043e \u0441\u0432\u043e\u0438\u043c\u0438 \u043e\u043f\u044b\u0442\u043d\u044b\u043c\u0438 \u044e\u0440\u0438\u0441\u0442\u0430\u043c\u0438 \u0443\u0436\u0435 \u043c\u043d\u043e\u0433\u043e \u043b\u0435\u0442 \u043f\u0440\u0435\u0434\u043e\u0441\u0442\u0430\u0432\u043b\u044f\u0435\u0442 \u043f\u0440\u043e\u0444\u0435\u0441\u0441\u0438\u043e\u043d\u0430\u043b\u044c\u043d\u044b\u0435 \u0443\u0441\u043b\u0443\u0433\u0438 \u043d\u0430\u0448\u0438\u043c \u043a\u043b\u0438\u0435\u043d\u0442\u0430\u043c \u0438\u0437 \u0431\u043e\u043b\u0435\u0435 \u0447\u0435\u043c 40 \u0441\u0442\u0440\u0430\u043d \u0432 \u043e\u0431\u043b\u0430\u0441\u0442\u0438 \u043f\u0440\u0430\u0432\u0430 \u0438\u043d\u043e\u0441\u0442\u0440\u0430\u043d\u0446\u0435\u0432 \u0438 \u0433\u0440\u0430\u0436\u0434\u0430\u043d\u0441\u0442\u0432\u0430<\/p>\n<blockquote><p>\n\u0423\u0441\u043b\u0443\u0433\u0438, \u043f\u0440\u0435\u0434\u043e\u0441\u0442\u0430\u0432\u043b\u044f\u0435\u043c\u044b\u0435 \u0432 \u0441\u0444\u0435\u0440\u0435 \u043f\u0440\u0430\u0432\u0430 \u0438\u043d\u043e\u0441\u0442\u0440\u0430\u043d\u0446\u0435\u0432;\n<\/p><\/blockquote>\n<p>\u0417\u0430\u044f\u0432\u043b\u0435\u043d\u0438\u044f \u043d\u0430 \u043f\u043e\u043b\u0443\u0447\u0435\u043d\u0438\u0435 \u0442\u0443\u0440\u0435\u0446\u043a\u043e\u0433\u043e \u0433\u0440\u0430\u0436\u0434\u0430\u043d\u0441\u0442\u0432\u0430<br \/>\n\u041f\u043e\u043b\u0443\u0447\u0435\u043d\u0438\u0435 \u0412\u041d\u0416, \u043f\u0440\u043e\u0434\u043b\u0435\u043d\u0438\u0435 \u0412\u041d\u0416<br \/>\n\u041f\u043e\u043b\u0443\u0447\u0435\u043d\u0438\u0435 \u0440\u0430\u0437\u0440\u0435\u0448\u0435\u043d\u0438\u044f \u043d\u0430 \u0440\u0430\u0431\u043e\u0442\u0443, \u043f\u0440\u043e\u0434\u043b\u0435\u043d\u0438\u0435 \u0440\u0430\u0437\u0440\u0435\u0448\u0435\u043d\u0438\u044f \u043d\u0430 \u0440\u0430\u0431\u043e\u0442\u0443<br \/>\n\u0417\u0430\u0432\u0435\u0440\u0435\u043d\u0438\u0435 \u0434\u043e\u043a\u0443\u043c\u0435\u043d\u0442\u043e\u0432 \u0438 \u0430\u043f\u043e\u0441\u0442\u0438\u043b\u044c<br \/>\n\u041f\u0440\u0438\u0437\u043d\u0430\u043d\u0438\u0435 \u0438 \u0438\u0441\u043f\u043e\u043b\u043d\u0435\u043d\u0438\u0435 \u0440\u0435\u0448\u0435\u043d\u0438\u0439 \u043e \u0440\u0430\u0437\u0432\u043e\u0434\u0435, \u043f\u0440\u0438\u043d\u044f\u0442\u044b\u0445 \u0437\u0430 \u0433\u0440\u0430\u043d\u0438\u0446\u0435\u0439<br \/>\n\u041f\u043e\u0440\u044f\u0434\u043e\u043a \u043f\u043e\u0434\u0430\u0447\u0438 \u0437\u0430\u044f\u0432\u043b\u0435\u043d\u0438\u0439 \u0434\u043b\u044f \u043b\u0438\u0446, \u0436\u0435\u043b\u0430\u044e\u0449\u0438\u0445 \u043e\u0442\u043a\u0430\u0437\u0430\u0442\u044c\u0441\u044f \u043e\u0442 \u0442\u0443\u0440\u0435\u0446\u043a\u043e\u0433\u043e \u0433\u0440\u0430\u0436\u0434\u0430\u043d\u0441\u0442\u0432\u0430<br \/>\n\u041f\u0440\u0430\u0432\u043e \u043d\u0430 \u043d\u0430\u0441\u043b\u0435\u0434\u0441\u0442\u0432\u043e<br \/>\n\u0412\u0435\u043a\u0441\u0435\u043b\u044c, \u0438\u043f\u043e\u0442\u0435\u043a\u0430<br \/>\n\u0411\u0440\u0430\u043a, \u0440\u0430\u0437\u0432\u043e\u0434<br \/>\n\u0417\u0430\u044f\u0432\u043b\u0435\u043d\u0438\u0435 \u0432 \u043e\u0444\u0438\u0446\u0438\u0430\u043b\u044c\u043d\u044b\u0435 \u0443\u0447\u0440\u0435\u0436\u0434\u0435\u043d\u0438\u044f<br \/>\n\u041e\u0431\u0440\u0430\u0449\u0435\u043d\u0438\u044f \u0432 \u0441\u0443\u0434<br \/>\n\u0423\u0441\u043b\u0443\u0433\u0438 \u044e\u0440\u0438\u0434\u0438\u0447\u0435\u0441\u043a\u043e\u0433\u043e \u0441\u043e\u043f\u0440\u043e\u0432\u043e\u0436\u0434\u0435\u043d\u0438\u044f \u043f\u043e \u0432\u043e\u043f\u0440\u043e\u0441\u0430\u043c \u043f\u043e\u043a\u0443\u043f\u043a\u0438 \u043d\u0435\u0434\u0432\u0438\u0436\u0438\u043c\u043e\u0441\u0442\u0438<\/p>\n\n\t\t<\/div>\n\t<\/div>\n<\/div><\/div><\/div><div class=\"wpb_column vc_column_container vc_col-sm-6\"><div class=\"vc_column-inner\"><div class=\"wpb_wrapper\">\n\t<div  class=\"wpb_single_image wpb_content_element vc_align_left\">\n\t\t\n\t\t<figure class=\"wpb_wrapper vc_figure\">\n\t\t\t<div class=\"vc_single_image-wrapper   vc_box_border_grey\"><img width=\"563\" height=\"615\" src=\"https:\/\/aytekinavukatlik.com\/wp-content\/uploads\/2021\/03\/yabancilar-hukuku.jpg\" class=\"vc_single_image-img attachment-full\" alt=\"\" decoding=\"async\" loading=\"lazy\" srcset=\"https:\/\/aytekinavukatlik.com\/wp-content\/uploads\/2021\/03\/yabancilar-hukuku.jpg 563w, https:\/\/aytekinavukatlik.com\/wp-content\/uploads\/2021\/03\/yabancilar-hukuku-275x300.jpg 275w\" sizes=\"(max-width: 563px) 100vw, 563px\" \/><\/div>\n\t\t<\/figure>\n\t<\/div>\n<\/div><\/div><\/div><\/div>","protected":false},"excerpt":{"rendered":"Yabanc\u0131lar ve Vatanda\u015fl\u0131k Hukuku Yabanc\u0131lar ve Vatanda\u015fl\u0131k Hukuku Aytekin Hukuk B\u00fcrosu , olarak uzun y\u0131llard\u0131r 40\u2019\u0131 a\u015fk\u0131n \u00fclkeden m\u00fcvekkillerimize uzman avukat kadromuz ile Yabanc\u0131lar ve Vatanda\u015fl\u0131k Hukuku alan\u0131nda profesyonel hizmet sunmaktay\u0131z.. Yabanc\u0131lar hukuku alan\u0131nda verilen hizmetler; \u2022 T\u00fcrk vatanda\u015fl\u0131\u011f\u0131 ba\u015fvurular\u0131 \u2022 Oturma izni al\u0131nmas\u0131, Oturma izninin uzat\u0131lmas\u0131 \u2022 \u00c7al\u0131\u015fma izni al\u0131nmas\u0131, \u00c7al\u0131\u015fma izninin uzat\u0131lmas\u0131 \u2022...","protected":false},"author":2,"featured_media":0,"parent":0,"menu_order":0,"comment_status":"closed","ping_status":"closed","template":"","meta":[],"yoast_head":"<!-- This site is optimized with the Yoast SEO plugin v15.9.2 - https:\/\/yoast.com\/wordpress\/plugins\/seo\/ -->\n<title>Yabanc\u0131lar ve Vatanda\u015fl\u0131k Hukuku - Aytekin Hukuk<\/title>\n<link rel=\"canonical\" href=\"https:\/\/aytekinavukatlik.com\/ru\/yabancilar-ve-vatandaslik-hukuku\/\" \/>\n<meta property=\"og:locale\" content=\"ru_RU\" \/>\n<meta property=\"og:type\" content=\"article\" \/>\n<meta property=\"og:title\" content=\"Yabanc\u0131lar ve Vatanda\u015fl\u0131k Hukuku - Aytekin Hukuk\" \/>\n<meta property=\"og:url\" content=\"https:\/\/aytekinavukatlik.com\/ru\/yabancilar-ve-vatandaslik-hukuku\/\" \/>\n<meta property=\"og:site_name\" content=\"Aytekin Hukuk\" \/>\n<meta property=\"article:modified_time\" content=\"2021-06-03T11:35:39+00:00\" \/>\n<meta name=\"twitter:card\" content=\"summary_large_image\" \/>\n<meta name=\"twitter:label1\" content=\"\u041f\u0440\u0438\u043c\u0435\u0440\u043d\u043e\u0435 \u0432\u0440\u0435\u043c\u044f \u0434\u043b\u044f \u0447\u0442\u0435\u043d\u0438\u044f\">\n\t<meta name=\"twitter:data1\" content=\"1 \u043c\u0438\u043d\u0443\u0442\u0430\">\n<script type=\"application\/ld+json\" class=\"yoast-schema-graph\">{\"@context\":\"https:\/\/schema.org\",\"@graph\":[{\"@type\":\"WebSite\",\"@id\":\"https:\/\/aytekinavukatlik.com\/en\/#website\",\"url\":\"https:\/\/aytekinavukatlik.com\/en\/\",\"name\":\"Aytekin Hukuk\",\"description\":\"\",\"potentialAction\":[{\"@type\":\"SearchAction\",\"target\":\"https:\/\/aytekinavukatlik.com\/en\/?s={search_term_string}\",\"query-input\":\"required name=search_term_string\"}],\"inLanguage\":\"ru-RU\"},{\"@type\":\"WebPage\",\"@id\":\"https:\/\/aytekinavukatlik.com\/yabancilar-ve-vatandaslik-hukuku\/#webpage\",\"url\":\"https:\/\/aytekinavukatlik.com\/yabancilar-ve-vatandaslik-hukuku\/\",\"name\":\"Yabanc\\u0131lar ve Vatanda\\u015fl\\u0131k Hukuku - Aytekin Hukuk\",\"isPartOf\":{\"@id\":\"https:\/\/aytekinavukatlik.com\/en\/#website\"},\"datePublished\":\"2021-03-31T09:49:11+00:00\",\"dateModified\":\"2021-06-03T11:35:39+00:00\",\"breadcrumb\":{\"@id\":\"https:\/\/aytekinavukatlik.com\/yabancilar-ve-vatandaslik-hukuku\/#breadcrumb\"},\"inLanguage\":\"ru-RU\",\"potentialAction\":[{\"@type\":\"ReadAction\",\"target\":[\"https:\/\/aytekinavukatlik.com\/yabancilar-ve-vatandaslik-hukuku\/\"]}]},{\"@type\":\"BreadcrumbList\",\"@id\":\"https:\/\/aytekinavukatlik.com\/yabancilar-ve-vatandaslik-hukuku\/#breadcrumb\",\"itemListElement\":[{\"@type\":\"ListItem\",\"position\":1,\"item\":{\"@type\":\"WebPage\",\"@id\":\"https:\/\/aytekinavukatlik.com\/\",\"url\":\"https:\/\/aytekinavukatlik.com\/\",\"name\":\"Home\"}},{\"@type\":\"ListItem\",\"position\":2,\"item\":{\"@type\":\"WebPage\",\"@id\":\"https:\/\/aytekinavukatlik.com\/yabancilar-ve-vatandaslik-hukuku\/\",\"url\":\"https:\/\/aytekinavukatlik.com\/yabancilar-ve-vatandaslik-hukuku\/\",\"name\":\"Yabanc\\u0131lar ve Vatanda\\u015fl\\u0131k Hukuku\"}}]}]}<\/script>\n<!-- \/ Yoast SEO plugin. -->","_links":{"self":[{"href":"https:\/\/aytekinavukatlik.com\/ru\/wp-json\/wp\/v2\/pages\/8844"}],"collection":[{"href":"https:\/\/aytekinavukatlik.com\/ru\/wp-json\/wp\/v2\/pages"}],"about":[{"href":"https:\/\/aytekinavukatlik.com\/ru\/wp-json\/wp\/v2\/types\/page"}],"author":[{"embeddable":true,"href":"https:\/\/aytekinavukatlik.com\/ru\/wp-json\/wp\/v2\/users\/2"}],"replies":[{"embeddable":true,"href":"https:\/\/aytekinavukatlik.com\/ru\/wp-json\/wp\/v2\/comments?post=8844"}],"version-history":[{"count":19,"href":"https:\/\/aytekinavukatlik.com\/ru\/wp-json\/wp\/v2\/pages\/8844\/revisions"}],"predecessor-version":[{"id":9140,"href":"https:\/\/aytekinavukatlik.com\/ru\/wp-json\/wp\/v2\/pages\/8844\/revisions\/9140"}],"wp:attachment":[{"href":"https:\/\/aytekinavukatlik.com\/ru\/wp-json\/wp\/v2\/media?parent=8844"}],"curies":[{"name":"wp","href":"https:\/\/api.w.org\/{rel}","templated":true}]}}