{"id":8866,"date":"2021-03-31T13:00:00","date_gmt":"2021-03-31T13:00:00","guid":{"rendered":"https:\/\/aytekinavukatlik.com\/?page_id=8866"},"modified":"2021-04-24T14:28:07","modified_gmt":"2021-04-24T14:28:07","slug":"bankacilik-ve-finans-hukuku","status":"publish","type":"page","link":"https:\/\/aytekinavukatlik.com\/en\/bankacilik-ve-finans-hukuku\/","title":{"rendered":"Banking and Finance Law"},"content":{"rendered":"<style type=\"text\/css\" data-type=\"vc_cmsms_shortcodes-custom-css\"><\/style><div data-vc-full-width=\"true\" data-vc-full-width-init=\"false\" data-vc-parallax=\"1.5\" data-vc-parallax-image=\"https:\/\/aytekinavukatlik.com\/wp-content\/uploads\/2021\/04\/aytekin-hukuk-hizmetler.jpg\" class=\"vc_row wpb_row vc_row-fluid vc_custom_1617361520488 ccs_default vc_row-has-fill vc_row-o-equal-height vc_row-flex vc_general vc_parallax vc_parallax-content-moving\"><div data-vc-parallax=\"1.5\" class=\"wpb_column vc_column_container vc_col-sm-12 vc_col-has-fill vc_general vc_parallax vc_parallax-content-moving\"><div class=\"vc_column-inner\"><div class=\"wpb_wrapper\"><div class=\"vc_empty_space\"   style=\"height: 42px\"><span class=\"vc_empty_space_inner\"><\/span><\/div><h2 style=\"color: #ffffff;text-align: center\" class=\"vc_custom_heading vc_custom_1619273771440\" >Banking and Finance Law<\/h2><\/div><\/div><\/div><\/div><div class=\"vc_row-full-width vc_clearfix\"><\/div><div class=\"vc_row wpb_row vc_row-fluid vc_custom_1617027931832 ccs_default\"><div class=\"wpb_column vc_column_container vc_col-sm-6\"><div class=\"vc_column-inner\"><div class=\"wpb_wrapper\"><h2 style=\"text-align: left\" class=\"vc_custom_heading\" >Banking and Finance Law<\/h2>\n\t<div class=\"wpb_text_column wpb_content_element\" >\n\t\t<div class=\"wpb_wrapper\">\n\t\t\t<p>As Aytekin Law Firm, we provide services to commercial banks, investment banks and other financial institutions as well as investors from different sectors, in line with the legal needs in the fields of banking and finance.<\/p>\n<blockquote><p>\nThe services we offer in Banking and Finance Law include;\n<\/p><\/blockquote>\n<p class=\" translation-block\">\u2022 Detailed examination of project and financing documents<br>\n\u2022 Giving opinions on compliance with banking and finance legislation in the execution of daily operational works and preparation of all kinds of contracts<br>\n\u2022 In connection with all kinds of cash and non-cash loans, we offer the following services:<br>\n\u2013 drawing up loan agreements,<br>\n\u2013 issuing collaterals,<br>\n\u2013 preparing lien, pledge, commercial enterprise pledge agreements,<br>\n\u2013 registering liens or  pledges in the land register or the register,<br>\n\u2013 preparing texts of bank letters of guarantee or letters of credit,<br>\n\u2013in case of violation of contractual obligations, liquidating liens or collecting loan receivables, among other legal consultancy and litigation services.<\/p>\n\n\t\t<\/div>\n\t<\/div>\n<\/div><\/div><\/div><div class=\"wpb_column vc_column_container vc_col-sm-6\"><div class=\"vc_column-inner\"><div class=\"wpb_wrapper\">\n\t<div  class=\"wpb_single_image wpb_content_element vc_align_left\">\n\t\t\n\t\t<figure class=\"wpb_wrapper vc_figure\">\n\t\t\t<div class=\"vc_single_image-wrapper   vc_box_border_grey\"><img width=\"563\" height=\"615\" src=\"https:\/\/aytekinavukatlik.com\/wp-content\/uploads\/2021\/04\/icra-iflas-hukuku.jpg\" class=\"vc_single_image-img attachment-full\" alt=\"\" decoding=\"async\" loading=\"lazy\" srcset=\"https:\/\/aytekinavukatlik.com\/wp-content\/uploads\/2021\/04\/icra-iflas-hukuku.jpg 563w, https:\/\/aytekinavukatlik.com\/wp-content\/uploads\/2021\/04\/icra-iflas-hukuku-275x300.jpg 275w\" sizes=\"(max-width: 563px) 100vw, 563px\" \/><\/div>\n\t\t<\/figure>\n\t<\/div>\n<\/div><\/div><\/div><\/div>","protected":false},"excerpt":{"rendered":"Bankac\u0131l\u0131k ve Finans HukukuBankac\u0131l\u0131k ve Finans Hukuku Aytekin Hukuk B\u00fcrosu olarak; Bankac\u0131l\u0131k ve finans alanlar\u0131ndaki hukuki ihtiya\u00e7lar do\u011frultusunda; hem ticari bankalara, yat\u0131r\u0131m bankalar\u0131 ve di\u011fer finans kurulu\u015flar\u0131na hem de farkl\u0131 sekt\u00f6rlerden yat\u0131r\u0131mc\u0131lara, hizmet vermekteyiz. Bankac\u0131l\u0131k ve Finans Hukuku alan\u0131n verdi\u011fimiz hizmetler; \u2022 Proje ve finansman dok\u00fcmanlar\u0131n\u0131n ayr\u0131nt\u0131l\u0131 incelenmesi \u2022 G\u00fcnl\u00fck operasyonel i\u015flerin y\u00fcr\u00fct\u00fclmesi ve her...","protected":false},"author":2,"featured_media":0,"parent":0,"menu_order":0,"comment_status":"closed","ping_status":"closed","template":"","meta":[],"yoast_head":"<!-- This site is optimized with the Yoast SEO plugin v15.9.2 - https:\/\/yoast.com\/wordpress\/plugins\/seo\/ -->\n<title>Bankac\u0131l\u0131k ve Finans Hukuku - Aytekin Hukuk<\/title>\n<link rel=\"canonical\" href=\"https:\/\/aytekinavukatlik.com\/en\/bankacilik-ve-finans-hukuku\/\" \/>\n<meta property=\"og:locale\" content=\"en_US\" \/>\n<meta property=\"og:type\" content=\"article\" \/>\n<meta property=\"og:title\" content=\"Bankac\u0131l\u0131k ve Finans Hukuku - Aytekin Hukuk\" \/>\n<meta property=\"og:url\" content=\"https:\/\/aytekinavukatlik.com\/en\/bankacilik-ve-finans-hukuku\/\" \/>\n<meta property=\"og:site_name\" content=\"Aytekin Hukuk\" \/>\n<meta property=\"article:modified_time\" content=\"2021-04-24T14:28:07+00:00\" \/>\n<meta name=\"twitter:card\" content=\"summary_large_image\" \/>\n<meta name=\"twitter:label1\" content=\"Est. reading time\">\n\t<meta name=\"twitter:data1\" content=\"1 minute\">\n<script type=\"application\/ld+json\" class=\"yoast-schema-graph\">{\"@context\":\"https:\/\/schema.org\",\"@graph\":[{\"@type\":\"WebSite\",\"@id\":\"https:\/\/aytekinavukatlik.com\/en\/#website\",\"url\":\"https:\/\/aytekinavukatlik.com\/en\/\",\"name\":\"Aytekin Hukuk\",\"description\":\"\",\"potentialAction\":[{\"@type\":\"SearchAction\",\"target\":\"https:\/\/aytekinavukatlik.com\/en\/?s={search_term_string}\",\"query-input\":\"required name=search_term_string\"}],\"inLanguage\":\"en-US\"},{\"@type\":\"WebPage\",\"@id\":\"https:\/\/aytekinavukatlik.com\/bankacilik-ve-finans-hukuku\/#webpage\",\"url\":\"https:\/\/aytekinavukatlik.com\/bankacilik-ve-finans-hukuku\/\",\"name\":\"Bankac\\u0131l\\u0131k ve Finans Hukuku - Aytekin Hukuk\",\"isPartOf\":{\"@id\":\"https:\/\/aytekinavukatlik.com\/en\/#website\"},\"datePublished\":\"2021-03-31T13:00:00+00:00\",\"dateModified\":\"2021-04-24T14:28:07+00:00\",\"breadcrumb\":{\"@id\":\"https:\/\/aytekinavukatlik.com\/bankacilik-ve-finans-hukuku\/#breadcrumb\"},\"inLanguage\":\"en-US\",\"potentialAction\":[{\"@type\":\"ReadAction\",\"target\":[\"https:\/\/aytekinavukatlik.com\/bankacilik-ve-finans-hukuku\/\"]}]},{\"@type\":\"BreadcrumbList\",\"@id\":\"https:\/\/aytekinavukatlik.com\/bankacilik-ve-finans-hukuku\/#breadcrumb\",\"itemListElement\":[{\"@type\":\"ListItem\",\"position\":1,\"item\":{\"@type\":\"WebPage\",\"@id\":\"https:\/\/aytekinavukatlik.com\/\",\"url\":\"https:\/\/aytekinavukatlik.com\/\",\"name\":\"Home\"}},{\"@type\":\"ListItem\",\"position\":2,\"item\":{\"@type\":\"WebPage\",\"@id\":\"https:\/\/aytekinavukatlik.com\/bankacilik-ve-finans-hukuku\/\",\"url\":\"https:\/\/aytekinavukatlik.com\/bankacilik-ve-finans-hukuku\/\",\"name\":\"Bankac\\u0131l\\u0131k ve Finans Hukuku\"}}]}]}<\/script>\n<!-- \/ Yoast SEO plugin. -->","_links":{"self":[{"href":"https:\/\/aytekinavukatlik.com\/en\/wp-json\/wp\/v2\/pages\/8866"}],"collection":[{"href":"https:\/\/aytekinavukatlik.com\/en\/wp-json\/wp\/v2\/pages"}],"about":[{"href":"https:\/\/aytekinavukatlik.com\/en\/wp-json\/wp\/v2\/types\/page"}],"author":[{"embeddable":true,"href":"https:\/\/aytekinavukatlik.com\/en\/wp-json\/wp\/v2\/users\/2"}],"replies":[{"embeddable":true,"href":"https:\/\/aytekinavukatlik.com\/en\/wp-json\/wp\/v2\/comments?post=8866"}],"version-history":[{"count":5,"href":"https:\/\/aytekinavukatlik.com\/en\/wp-json\/wp\/v2\/pages\/8866\/revisions"}],"predecessor-version":[{"id":9103,"href":"https:\/\/aytekinavukatlik.com\/en\/wp-json\/wp\/v2\/pages\/8866\/revisions\/9103"}],"wp:attachment":[{"href":"https:\/\/aytekinavukatlik.com\/en\/wp-json\/wp\/v2\/media?parent=8866"}],"curies":[{"name":"wp","href":"https:\/\/api.w.org\/{rel}","templated":true}]}}