{"id":8864,"date":"2021-03-31T12:58:25","date_gmt":"2021-03-31T12:58:25","guid":{"rendered":"https:\/\/aytekinavukatlik.com\/?page_id=8864"},"modified":"2021-04-24T13:49:23","modified_gmt":"2021-04-24T13:49:23","slug":"is-ve-sosyal-guvenlik-hukuku","status":"publish","type":"page","link":"https:\/\/aytekinavukatlik.com\/en\/is-ve-sosyal-guvenlik-hukuku\/","title":{"rendered":"Labor and Social Security Law"},"content":{"rendered":"<style type=\"text\/css\" data-type=\"vc_cmsms_shortcodes-custom-css\"><\/style><div data-vc-full-width=\"true\" data-vc-full-width-init=\"false\" data-vc-parallax=\"1.5\" data-vc-parallax-image=\"https:\/\/aytekinavukatlik.com\/wp-content\/uploads\/2021\/04\/aytekin-hukuk-hizmetler.jpg\" class=\"vc_row wpb_row vc_row-fluid vc_custom_1617362412957 ccs_default vc_row-has-fill vc_row-o-equal-height vc_row-flex vc_general vc_parallax vc_parallax-content-moving\"><div data-vc-parallax=\"1.5\" class=\"wpb_column vc_column_container vc_col-sm-12 vc_col-has-fill vc_general vc_parallax vc_parallax-content-moving\"><div class=\"vc_column-inner\"><div class=\"wpb_wrapper\"><div class=\"vc_empty_space\"   style=\"height: 42px\"><span class=\"vc_empty_space_inner\"><\/span><\/div><h1 style=\"color: #ffffff;text-align: center\" class=\"vc_custom_heading vc_custom_1617195407469\" >Labor and Social Security Law<\/h1><\/div><\/div><\/div><\/div><div class=\"vc_row-full-width vc_clearfix\"><\/div><div class=\"vc_row wpb_row vc_row-fluid ccs_default\"><div class=\"wpb_column vc_column_container vc_col-sm-12\"><div class=\"vc_column-inner\"><div class=\"wpb_wrapper\">\n\t<div class=\"wpb_text_column wpb_content_element\" >\n\t\t<div class=\"wpb_wrapper\">\n\t\t\t\n\t\t<\/div>\n\t<\/div>\n<\/div><\/div><\/div><\/div><div class=\"vc_row wpb_row vc_row-fluid vc_custom_1617027931832 ccs_default\"><div class=\"wpb_column vc_column_container vc_col-sm-6\"><div class=\"vc_column-inner\"><div class=\"wpb_wrapper\"><h2 style=\"text-align: left\" class=\"vc_custom_heading\" >Labor and Social Security Law<\/h2>\n\t<div class=\"wpb_text_column wpb_content_element\" >\n\t\t<div class=\"wpb_wrapper\">\n\t\t\t<p>As Aytekin Law Firm, we provide legal support to local and foreign companies for execution of the procedures in all stages, from recruitment to termination, in accordance with the legal regulations.\nThe services we offer in the field of Labor and Social Security Law include:<\/p>\n<blockquote><p>\n\u2022 Management of the process of Employment Contract termination (for both the Employee and the Employer)\n<\/p><\/blockquote>\n<p class=\" translation-block\">\u2022 Drawing up Employment Contracts, Internal Regulations, and Workplace Practices <br>\n\u2022 Planning work and rest periods <br>\n\u2022 Preparing non-disclosure and non-compete agreements<br>\n\u2022 Following up recruitment and reemployment cases <br>\n\u2022 Press and Media Law<\/p>\n\n\t\t<\/div>\n\t<\/div>\n<\/div><\/div><\/div><div class=\"wpb_column vc_column_container vc_col-sm-6\"><div class=\"vc_column-inner\"><div class=\"wpb_wrapper\">\n\t<div  class=\"wpb_single_image wpb_content_element vc_align_left\">\n\t\t\n\t\t<figure class=\"wpb_wrapper vc_figure\">\n\t\t\t<div class=\"vc_single_image-wrapper   vc_box_border_grey\"><img width=\"563\" height=\"615\" src=\"https:\/\/aytekinavukatlik.com\/wp-content\/uploads\/2021\/04\/is-ve-Sosyal-Guvenlik-Hukuku.jpg\" class=\"vc_single_image-img attachment-full\" alt=\"\" decoding=\"async\" loading=\"lazy\" srcset=\"https:\/\/aytekinavukatlik.com\/wp-content\/uploads\/2021\/04\/is-ve-Sosyal-Guvenlik-Hukuku.jpg 563w, https:\/\/aytekinavukatlik.com\/wp-content\/uploads\/2021\/04\/is-ve-Sosyal-Guvenlik-Hukuku-275x300.jpg 275w\" sizes=\"(max-width: 563px) 100vw, 563px\" \/><\/div>\n\t\t<\/figure>\n\t<\/div>\n<\/div><\/div><\/div><\/div>","protected":false},"excerpt":{"rendered":"\u0130\u015f ve Sosyal G\u00fcvenlik Hukuku \u0130\u015f ve Sosyal G\u00fcvenlik Hukuku Aytekin Hukuk B\u00fcrosu olarak, yerli ve yabanc\u0131 \u015firketlerin i\u015fe al\u0131m s\u00fcre\u00e7lerinin ba\u015flad\u0131\u011f\u0131 andan sona erdi\u011fi ana kadar b\u00fct\u00fcn a\u015famalar\u0131n yasal d\u00fczenlemelere uygun yerine getirilmesi konusunda hukuki destek vermektedir. \u0130\u015f ve Sosyal G\u00fcvenlik Hukuku alan\u0131nda sundu\u011fumuz hizmetler; \u2022 \u0130\u015f S\u00f6zle\u015fmelerinin Feshi S\u00fcrecinin y\u00f6netimi (\u0130\u015f\u00e7i Ve \u0130\u015fveren...","protected":false},"author":2,"featured_media":0,"parent":0,"menu_order":0,"comment_status":"closed","ping_status":"closed","template":"","meta":[],"yoast_head":"<!-- This site is optimized with the Yoast SEO plugin v15.9.2 - https:\/\/yoast.com\/wordpress\/plugins\/seo\/ -->\n<title>\u0130\u015f ve Sosyal G\u00fcvenlik Hukuku - Aytekin Hukuk<\/title>\n<link rel=\"canonical\" href=\"https:\/\/aytekinavukatlik.com\/en\/is-ve-sosyal-guvenlik-hukuku\/\" \/>\n<meta property=\"og:locale\" content=\"en_US\" \/>\n<meta property=\"og:type\" content=\"article\" \/>\n<meta property=\"og:title\" content=\"\u0130\u015f ve Sosyal G\u00fcvenlik Hukuku - Aytekin Hukuk\" \/>\n<meta property=\"og:url\" content=\"https:\/\/aytekinavukatlik.com\/en\/is-ve-sosyal-guvenlik-hukuku\/\" \/>\n<meta property=\"og:site_name\" content=\"Aytekin Hukuk\" \/>\n<meta property=\"article:modified_time\" content=\"2021-04-24T13:49:23+00:00\" \/>\n<meta name=\"twitter:card\" content=\"summary_large_image\" \/>\n<meta name=\"twitter:label1\" content=\"Est. reading time\">\n\t<meta name=\"twitter:data1\" content=\"1 minute\">\n<script type=\"application\/ld+json\" class=\"yoast-schema-graph\">{\"@context\":\"https:\/\/schema.org\",\"@graph\":[{\"@type\":\"WebSite\",\"@id\":\"https:\/\/aytekinavukatlik.com\/en\/#website\",\"url\":\"https:\/\/aytekinavukatlik.com\/en\/\",\"name\":\"Aytekin Hukuk\",\"description\":\"\",\"potentialAction\":[{\"@type\":\"SearchAction\",\"target\":\"https:\/\/aytekinavukatlik.com\/en\/?s={search_term_string}\",\"query-input\":\"required name=search_term_string\"}],\"inLanguage\":\"en-US\"},{\"@type\":\"WebPage\",\"@id\":\"https:\/\/aytekinavukatlik.com\/ar\/is-ve-sosyal-guvenlik-hukuku\/#webpage\",\"url\":\"https:\/\/aytekinavukatlik.com\/ar\/is-ve-sosyal-guvenlik-hukuku\/\",\"name\":\"\\u0130\\u015f ve Sosyal G\\u00fcvenlik Hukuku - Aytekin Hukuk\",\"isPartOf\":{\"@id\":\"https:\/\/aytekinavukatlik.com\/en\/#website\"},\"datePublished\":\"2021-03-31T12:58:25+00:00\",\"dateModified\":\"2021-04-24T13:49:23+00:00\",\"breadcrumb\":{\"@id\":\"https:\/\/aytekinavukatlik.com\/ar\/is-ve-sosyal-guvenlik-hukuku\/#breadcrumb\"},\"inLanguage\":\"en-US\",\"potentialAction\":[{\"@type\":\"ReadAction\",\"target\":[\"https:\/\/aytekinavukatlik.com\/ar\/is-ve-sosyal-guvenlik-hukuku\/\"]}]},{\"@type\":\"BreadcrumbList\",\"@id\":\"https:\/\/aytekinavukatlik.com\/ar\/is-ve-sosyal-guvenlik-hukuku\/#breadcrumb\",\"itemListElement\":[{\"@type\":\"ListItem\",\"position\":1,\"item\":{\"@type\":\"WebPage\",\"@id\":\"https:\/\/aytekinavukatlik.com\/\",\"url\":\"https:\/\/aytekinavukatlik.com\/\",\"name\":\"Home\"}},{\"@type\":\"ListItem\",\"position\":2,\"item\":{\"@type\":\"WebPage\",\"@id\":\"https:\/\/aytekinavukatlik.com\/ar\/is-ve-sosyal-guvenlik-hukuku\/\",\"url\":\"https:\/\/aytekinavukatlik.com\/ar\/is-ve-sosyal-guvenlik-hukuku\/\",\"name\":\"\\u0130\\u015f ve Sosyal G\\u00fcvenlik Hukuku\"}}]}]}<\/script>\n<!-- \/ Yoast SEO plugin. -->","_links":{"self":[{"href":"https:\/\/aytekinavukatlik.com\/en\/wp-json\/wp\/v2\/pages\/8864"}],"collection":[{"href":"https:\/\/aytekinavukatlik.com\/en\/wp-json\/wp\/v2\/pages"}],"about":[{"href":"https:\/\/aytekinavukatlik.com\/en\/wp-json\/wp\/v2\/types\/page"}],"author":[{"embeddable":true,"href":"https:\/\/aytekinavukatlik.com\/en\/wp-json\/wp\/v2\/users\/2"}],"replies":[{"embeddable":true,"href":"https:\/\/aytekinavukatlik.com\/en\/wp-json\/wp\/v2\/comments?post=8864"}],"version-history":[{"count":4,"href":"https:\/\/aytekinavukatlik.com\/en\/wp-json\/wp\/v2\/pages\/8864\/revisions"}],"predecessor-version":[{"id":9097,"href":"https:\/\/aytekinavukatlik.com\/en\/wp-json\/wp\/v2\/pages\/8864\/revisions\/9097"}],"wp:attachment":[{"href":"https:\/\/aytekinavukatlik.com\/en\/wp-json\/wp\/v2\/media?parent=8864"}],"curies":[{"name":"wp","href":"https:\/\/api.w.org\/{rel}","templated":true}]}}