{"id":8862,"date":"2021-03-31T12:55:50","date_gmt":"2021-03-31T12:55:50","guid":{"rendered":"https:\/\/aytekinavukatlik.com\/?page_id=8862"},"modified":"2021-04-24T14:42:47","modified_gmt":"2021-04-24T14:42:47","slug":"basin-ve-medya-hukuku","status":"publish","type":"page","link":"https:\/\/aytekinavukatlik.com\/en\/basin-ve-medya-hukuku\/","title":{"rendered":"Press and Media Law"},"content":{"rendered":"<style type=\"text\/css\" data-type=\"vc_cmsms_shortcodes-custom-css\"><\/style><div data-vc-full-width=\"true\" data-vc-full-width-init=\"false\" data-vc-parallax=\"1.5\" data-vc-parallax-image=\"https:\/\/aytekinavukatlik.com\/wp-content\/uploads\/2021\/04\/aytekin-hukuk-hizmetler.jpg\" class=\"vc_row wpb_row vc_row-fluid vc_custom_1617362172562 ccs_default vc_row-has-fill vc_row-o-equal-height vc_row-flex vc_general vc_parallax vc_parallax-content-moving\"><div data-vc-parallax=\"1.5\" class=\"wpb_column vc_column_container vc_col-sm-12 vc_col-has-fill vc_general vc_parallax vc_parallax-content-moving\"><div class=\"vc_column-inner\"><div class=\"wpb_wrapper\"><div class=\"vc_empty_space\"   style=\"height: 42px\"><span class=\"vc_empty_space_inner\"><\/span><\/div><h1 style=\"color: #ffffff;text-align: center\" class=\"vc_custom_heading vc_custom_1619273893506\" >Press and Media Law<\/h1><\/div><\/div><\/div><\/div><div class=\"vc_row-full-width vc_clearfix\"><\/div><div class=\"vc_row wpb_row vc_row-fluid ccs_default\"><div class=\"wpb_column vc_column_container vc_col-sm-12\"><div class=\"vc_column-inner\"><div class=\"wpb_wrapper\">\n\t<div class=\"wpb_text_column wpb_content_element\" >\n\t\t<div class=\"wpb_wrapper\">\n\t\t\t\n\t\t<\/div>\n\t<\/div>\n<\/div><\/div><\/div><\/div><div class=\"vc_row wpb_row vc_row-fluid vc_custom_1617027931832 ccs_default\"><div class=\"wpb_column vc_column_container vc_col-sm-6\"><div class=\"vc_column-inner\"><div class=\"wpb_wrapper\"><h2 style=\"text-align: left\" class=\"vc_custom_heading\" >Press and Media Law<\/h2>\n\t<div class=\"wpb_text_column wpb_content_element\" >\n\t\t<div class=\"wpb_wrapper\">\n\t\t\t<p>As Aytekin Law Firm, we want a fairer development for the press and media and try to contribute to such development in the field of law.<\/p>\n<blockquote><p>\nApplying for content removal and managing the content removal process\n<\/p><\/blockquote>\n<p class=\" translation-block\">\u2022 Preparing and applying for denials and managing the denial process<br>\n\u2022 Dispute resolution with the Radio and Television Supreme Council (RT\u00dcK)<br>\n\u2022 Objecting to the penalties imposed by the  Radio and Television Supreme Council<br>\n\u2022 Managing the legal processes with administrative authorities<br>\n\u2022 Pecuniary and non-pecuniary damages cases <br>\n\u2022 Crimes committed through the media<br>\n\u2022 Crimes committed through misleading advertisements and posts<br>\n\u2022 Decisions of blocking access<br>\n\u2022 Temporary or permanent shutdown decisions<br>\n\u2022 Protecting personal documents <br>\n\u2022 Rights of the broadcasters and publishers <br> \n\u2022 Media rights <br>\n\u2022 TV show and movie contracts <br>\n\u2022 Internet Media contracts<br>\n\u2022 Television Media contracts <br>\n\u2022 Radio Media contracts<br>\n\u2022 Newspaper Media contracts<br>\n\u2022 Media companies contracts <br>\n\u2022 License agreements <br>\n\u2022 Sponsorship agreements<br>\n\u2022 Advertisement agreements<br>\n\u2022 Acting contracts <br>\n\u2022 Press consultancy <br>\n\u2022 Management contracts <br>\n\u2022 Production contracts <br>\n\u2022 Broadcast contracts <br>\n\u2022 Employee contracts <br><\/p>\n<p>There are many legal services, especially on issues such as<\/p>\n\n\t\t<\/div>\n\t<\/div>\n<\/div><\/div><\/div><div class=\"wpb_column vc_column_container vc_col-sm-6\"><div class=\"vc_column-inner\"><div class=\"wpb_wrapper\">\n\t<div  class=\"wpb_single_image wpb_content_element vc_align_left\">\n\t\t\n\t\t<figure class=\"wpb_wrapper vc_figure\">\n\t\t\t<div class=\"vc_single_image-wrapper   vc_box_border_grey\"><img width=\"563\" height=\"615\" src=\"https:\/\/aytekinavukatlik.com\/wp-content\/uploads\/2021\/04\/ceza-hukuku.jpg\" class=\"vc_single_image-img attachment-full\" alt=\"\" decoding=\"async\" loading=\"lazy\" srcset=\"https:\/\/aytekinavukatlik.com\/wp-content\/uploads\/2021\/04\/ceza-hukuku.jpg 563w, https:\/\/aytekinavukatlik.com\/wp-content\/uploads\/2021\/04\/ceza-hukuku-275x300.jpg 275w\" sizes=\"(max-width: 563px) 100vw, 563px\" \/><\/div>\n\t\t<\/figure>\n\t<\/div>\n<\/div><\/div><\/div><\/div>","protected":false},"excerpt":{"rendered":"Bas\u0131n ve Medya Hukuku Bas\u0131n ve Medya Hukuku Aytekin Hukuk B\u00fcrosu olarak, \u00fclkemizde bas\u0131n ve medyan\u0131n daha adilce geli\u015fimini arzu etmekte ve bu hususta hukuki katk\u0131 sa\u011flamaya \u00e7al\u0131\u015fmaktay\u0131z. Hukuk b\u00fcromuzun bas\u0131n ve medya hukuku anlam\u0131nda yerli ve yabanc\u0131 t\u00fczel ve ger\u00e7ek ki\u015fi m\u00fcvekkillerimize sundu\u011fumuz hizmetler: \u2022 \u0130\u00e7eri\u011fin kald\u0131r\u0131lmas\u0131 ba\u015fvuru\u015fu ve i\u00e7erik kald\u0131rma s\u00fcrecinin y\u00f6netilmesi \u2022...","protected":false},"author":2,"featured_media":0,"parent":0,"menu_order":0,"comment_status":"closed","ping_status":"closed","template":"","meta":[],"yoast_head":"<!-- This site is optimized with the Yoast SEO plugin v15.9.2 - https:\/\/yoast.com\/wordpress\/plugins\/seo\/ -->\n<title>Bas\u0131n ve Medya Hukuku - Aytekin Hukuk<\/title>\n<link rel=\"canonical\" href=\"https:\/\/aytekinavukatlik.com\/en\/basin-ve-medya-hukuku\/\" \/>\n<meta property=\"og:locale\" content=\"en_US\" \/>\n<meta property=\"og:type\" content=\"article\" \/>\n<meta property=\"og:title\" content=\"Bas\u0131n ve Medya Hukuku - Aytekin Hukuk\" \/>\n<meta property=\"og:url\" content=\"https:\/\/aytekinavukatlik.com\/en\/basin-ve-medya-hukuku\/\" \/>\n<meta property=\"og:site_name\" content=\"Aytekin Hukuk\" \/>\n<meta property=\"article:modified_time\" content=\"2021-04-24T14:42:47+00:00\" \/>\n<meta name=\"twitter:card\" content=\"summary_large_image\" \/>\n<meta name=\"twitter:label1\" content=\"Est. reading time\">\n\t<meta name=\"twitter:data1\" content=\"1 minute\">\n<script type=\"application\/ld+json\" class=\"yoast-schema-graph\">{\"@context\":\"https:\/\/schema.org\",\"@graph\":[{\"@type\":\"WebSite\",\"@id\":\"https:\/\/aytekinavukatlik.com\/en\/#website\",\"url\":\"https:\/\/aytekinavukatlik.com\/en\/\",\"name\":\"Aytekin Hukuk\",\"description\":\"\",\"potentialAction\":[{\"@type\":\"SearchAction\",\"target\":\"https:\/\/aytekinavukatlik.com\/en\/?s={search_term_string}\",\"query-input\":\"required name=search_term_string\"}],\"inLanguage\":\"en-US\"},{\"@type\":\"WebPage\",\"@id\":\"https:\/\/aytekinavukatlik.com\/ar\/basin-ve-medya-hukuku\/#webpage\",\"url\":\"https:\/\/aytekinavukatlik.com\/ar\/basin-ve-medya-hukuku\/\",\"name\":\"Bas\\u0131n ve Medya Hukuku - Aytekin Hukuk\",\"isPartOf\":{\"@id\":\"https:\/\/aytekinavukatlik.com\/en\/#website\"},\"datePublished\":\"2021-03-31T12:55:50+00:00\",\"dateModified\":\"2021-04-24T14:42:47+00:00\",\"breadcrumb\":{\"@id\":\"https:\/\/aytekinavukatlik.com\/ar\/basin-ve-medya-hukuku\/#breadcrumb\"},\"inLanguage\":\"en-US\",\"potentialAction\":[{\"@type\":\"ReadAction\",\"target\":[\"https:\/\/aytekinavukatlik.com\/ar\/basin-ve-medya-hukuku\/\"]}]},{\"@type\":\"BreadcrumbList\",\"@id\":\"https:\/\/aytekinavukatlik.com\/ar\/basin-ve-medya-hukuku\/#breadcrumb\",\"itemListElement\":[{\"@type\":\"ListItem\",\"position\":1,\"item\":{\"@type\":\"WebPage\",\"@id\":\"https:\/\/aytekinavukatlik.com\/\",\"url\":\"https:\/\/aytekinavukatlik.com\/\",\"name\":\"Home\"}},{\"@type\":\"ListItem\",\"position\":2,\"item\":{\"@type\":\"WebPage\",\"@id\":\"https:\/\/aytekinavukatlik.com\/ar\/basin-ve-medya-hukuku\/\",\"url\":\"https:\/\/aytekinavukatlik.com\/ar\/basin-ve-medya-hukuku\/\",\"name\":\"Bas\\u0131n ve Medya Hukuku\"}}]}]}<\/script>\n<!-- \/ Yoast SEO plugin. -->","_links":{"self":[{"href":"https:\/\/aytekinavukatlik.com\/en\/wp-json\/wp\/v2\/pages\/8862"}],"collection":[{"href":"https:\/\/aytekinavukatlik.com\/en\/wp-json\/wp\/v2\/pages"}],"about":[{"href":"https:\/\/aytekinavukatlik.com\/en\/wp-json\/wp\/v2\/types\/page"}],"author":[{"embeddable":true,"href":"https:\/\/aytekinavukatlik.com\/en\/wp-json\/wp\/v2\/users\/2"}],"replies":[{"embeddable":true,"href":"https:\/\/aytekinavukatlik.com\/en\/wp-json\/wp\/v2\/comments?post=8862"}],"version-history":[{"count":5,"href":"https:\/\/aytekinavukatlik.com\/en\/wp-json\/wp\/v2\/pages\/8862\/revisions"}],"predecessor-version":[{"id":9109,"href":"https:\/\/aytekinavukatlik.com\/en\/wp-json\/wp\/v2\/pages\/8862\/revisions\/9109"}],"wp:attachment":[{"href":"https:\/\/aytekinavukatlik.com\/en\/wp-json\/wp\/v2\/media?parent=8862"}],"curies":[{"name":"wp","href":"https:\/\/api.w.org\/{rel}","templated":true}]}}