{"id":8855,"date":"2021-03-31T11:54:27","date_gmt":"2021-03-31T11:54:27","guid":{"rendered":"https:\/\/aytekinavukatlik.com\/?page_id=8855"},"modified":"2021-04-24T13:40:04","modified_gmt":"2021-04-24T13:40:04","slug":"marka-patent-hukuku","status":"publish","type":"page","link":"https:\/\/aytekinavukatlik.com\/en\/marka-patent-hukuku\/","title":{"rendered":"Trademark and Patent Law"},"content":{"rendered":"<style type=\"text\/css\" data-type=\"vc_cmsms_shortcodes-custom-css\"><\/style><div data-vc-full-width=\"true\" data-vc-full-width-init=\"false\" data-vc-parallax=\"1.5\" data-vc-parallax-image=\"https:\/\/aytekinavukatlik.com\/wp-content\/uploads\/2021\/04\/aytekin-hukuk-hizmetler.jpg\" class=\"vc_row wpb_row vc_row-fluid vc_custom_1617360456477 ccs_default vc_row-has-fill vc_row-o-equal-height vc_row-flex vc_general vc_parallax vc_parallax-content-moving\"><div data-vc-parallax=\"1.5\" class=\"wpb_column vc_column_container vc_col-sm-12 vc_col-has-fill vc_general vc_parallax vc_parallax-content-moving\"><div class=\"vc_column-inner\"><div class=\"wpb_wrapper\"><div class=\"vc_empty_space\"   style=\"height: 42px\"><span class=\"vc_empty_space_inner\"><\/span><\/div><h1 style=\"color: #ffffff;text-align: center\" class=\"vc_custom_heading vc_custom_1617195050678\" >Trademark and Patent Law<\/h1><\/div><\/div><\/div><\/div><div class=\"vc_row-full-width vc_clearfix\"><\/div><div class=\"vc_row wpb_row vc_row-fluid ccs_default\"><div class=\"wpb_column vc_column_container vc_col-sm-12\"><div class=\"vc_column-inner\"><div class=\"wpb_wrapper\">\n\t<div class=\"wpb_text_column wpb_content_element\" >\n\t\t<div class=\"wpb_wrapper\">\n\t\t\t\n\t\t<\/div>\n\t<\/div>\n<\/div><\/div><\/div><\/div><div class=\"vc_row wpb_row vc_row-fluid vc_custom_1617027931832 ccs_default\"><div class=\"wpb_column vc_column_container vc_col-sm-6\"><div class=\"vc_column-inner\"><div class=\"wpb_wrapper\"><h2 style=\"text-align: left\" class=\"vc_custom_heading\" >Trademark and Patent Law<\/h2>\n\t<div class=\"wpb_text_column wpb_content_element\" >\n\t\t<div class=\"wpb_wrapper\">\n\t\t\t<p>As Aytekin Law Firm, we have organized many trainings and seminars for protection of intellectual and industrial rights within the legal order and for raising such awareness among the public. The services we offer to local and foreign real and legal person clients in this area include:<\/p>\n<blockquote><p>\nIn relation to trademark law:\n<\/p><\/blockquote>\n<p class=\" translation-block\">\u2022 Know-How agreements<br>\n\u2022 Trademark transfer<br>\n\u2022 Case for determination of evidence<br>\n\u2022 Case for ceasing and preventing infringement<br>\n\u2022 Case for detection of infringement <br>\n\u2022 Case for eliminating infringement <br>\n\u2022 Action for pecuniary damages <br>\n\u2022 Action for non-pecuniary damages<br>\n\u2022 Damages for injury to reputation<br>\n\u2022 Seizure of materials produced as a result of infringement of rights and any equipment directly used in their production<\/p>\n<blockquote><p>\n\u2022 Granting property rights on products\n<\/p><\/blockquote>\n<p class=\" translation-block\">\u2022 Know-How agreements<br>\n\u2022 Trademark transfer<br>\n\u2022 Case for determination of evidence<br>\n\u2022 Case for ceasing and preventing infringement<br>\n\u2022 Case for detection of infringement <br>\n\u2022 Case for eliminating infringement <br>\n\u2022 Action for pecuniary damages <br>\n\u2022 Action for non-pecuniary damages<br>\n\u2022 Damages for injury to reputation<br>\n\u2022 Seizure of materials produced as a result of infringement of rights and any equipment directly used in their production<\/p>\n\n\t\t<\/div>\n\t<\/div>\n<\/div><\/div><\/div><div class=\"wpb_column vc_column_container vc_col-sm-6\"><div class=\"vc_column-inner\"><div class=\"wpb_wrapper\">\n\t<div  class=\"wpb_single_image wpb_content_element vc_align_left\">\n\t\t\n\t\t<figure class=\"wpb_wrapper vc_figure\">\n\t\t\t<div class=\"vc_single_image-wrapper   vc_box_border_grey\"><img width=\"563\" height=\"615\" src=\"https:\/\/aytekinavukatlik.com\/wp-content\/uploads\/2021\/04\/mar-patant-aytekin-hukuk.jpg\" class=\"vc_single_image-img attachment-full\" alt=\"\" decoding=\"async\" loading=\"lazy\" srcset=\"https:\/\/aytekinavukatlik.com\/wp-content\/uploads\/2021\/04\/mar-patant-aytekin-hukuk.jpg 563w, https:\/\/aytekinavukatlik.com\/wp-content\/uploads\/2021\/04\/mar-patant-aytekin-hukuk-275x300.jpg 275w\" sizes=\"(max-width: 563px) 100vw, 563px\" \/><\/div>\n\t\t<\/figure>\n\t<\/div>\n<\/div><\/div><\/div><\/div>","protected":false},"excerpt":{"rendered":"Marka Patent Hukuku Marka ve Patent Hukuku Aytekin Hukuk B\u00fcrosu olarak, fikri ve s\u0131nai haklar\u0131n hukuk d\u00fczeni i\u00e7inde korunmas\u0131, bu haklarla ili\u011fi toplumda fark\u0131ndal\u0131k yarat\u0131lmas\u0131 ad\u0131na \u00e7ok say\u0131da e\u011fitiM ve seminer d\u00fczenlemi\u015f olup bu alanda yerli ve yabanc\u0131, ge\u00e7ek ve t\u00fczel ki\u015fi m\u00fcvekkillerimize verdi\u011fimiz hizmetler; Marka hukukuna ili\u015fkin; \u2022 Know-How s\u00f6zle\u015fmeleri \u2022 Marka devri \u2022...","protected":false},"author":2,"featured_media":0,"parent":0,"menu_order":0,"comment_status":"closed","ping_status":"closed","template":"","meta":[],"yoast_head":"<!-- This site is optimized with the Yoast SEO plugin v15.9.2 - https:\/\/yoast.com\/wordpress\/plugins\/seo\/ -->\n<title>Marka ve Patent Hukuku - Aytekin Hukuk<\/title>\n<link rel=\"canonical\" href=\"https:\/\/aytekinavukatlik.com\/en\/marka-patent-hukuku\/\" \/>\n<meta property=\"og:locale\" content=\"en_US\" \/>\n<meta property=\"og:type\" content=\"article\" \/>\n<meta property=\"og:title\" content=\"Marka ve Patent Hukuku - Aytekin Hukuk\" \/>\n<meta property=\"og:url\" content=\"https:\/\/aytekinavukatlik.com\/en\/marka-patent-hukuku\/\" \/>\n<meta property=\"og:site_name\" content=\"Aytekin Hukuk\" \/>\n<meta property=\"article:modified_time\" content=\"2021-04-24T13:40:04+00:00\" \/>\n<meta name=\"twitter:card\" content=\"summary_large_image\" \/>\n<meta name=\"twitter:label1\" content=\"Est. reading time\">\n\t<meta name=\"twitter:data1\" content=\"2 minutes\">\n<script type=\"application\/ld+json\" class=\"yoast-schema-graph\">{\"@context\":\"https:\/\/schema.org\",\"@graph\":[{\"@type\":\"WebSite\",\"@id\":\"https:\/\/aytekinavukatlik.com\/en\/#website\",\"url\":\"https:\/\/aytekinavukatlik.com\/en\/\",\"name\":\"Aytekin Hukuk\",\"description\":\"\",\"potentialAction\":[{\"@type\":\"SearchAction\",\"target\":\"https:\/\/aytekinavukatlik.com\/en\/?s={search_term_string}\",\"query-input\":\"required name=search_term_string\"}],\"inLanguage\":\"en-US\"},{\"@type\":\"WebPage\",\"@id\":\"https:\/\/aytekinavukatlik.com\/ar\/marka-patent-hukuku\/#webpage\",\"url\":\"https:\/\/aytekinavukatlik.com\/ar\/marka-patent-hukuku\/\",\"name\":\"Marka ve Patent Hukuku - Aytekin Hukuk\",\"isPartOf\":{\"@id\":\"https:\/\/aytekinavukatlik.com\/en\/#website\"},\"datePublished\":\"2021-03-31T11:54:27+00:00\",\"dateModified\":\"2021-04-24T13:40:04+00:00\",\"breadcrumb\":{\"@id\":\"https:\/\/aytekinavukatlik.com\/ar\/marka-patent-hukuku\/#breadcrumb\"},\"inLanguage\":\"en-US\",\"potentialAction\":[{\"@type\":\"ReadAction\",\"target\":[\"https:\/\/aytekinavukatlik.com\/ar\/marka-patent-hukuku\/\"]}]},{\"@type\":\"BreadcrumbList\",\"@id\":\"https:\/\/aytekinavukatlik.com\/ar\/marka-patent-hukuku\/#breadcrumb\",\"itemListElement\":[{\"@type\":\"ListItem\",\"position\":1,\"item\":{\"@type\":\"WebPage\",\"@id\":\"https:\/\/aytekinavukatlik.com\/\",\"url\":\"https:\/\/aytekinavukatlik.com\/\",\"name\":\"Home\"}},{\"@type\":\"ListItem\",\"position\":2,\"item\":{\"@type\":\"WebPage\",\"@id\":\"https:\/\/aytekinavukatlik.com\/ar\/marka-patent-hukuku\/\",\"url\":\"https:\/\/aytekinavukatlik.com\/ar\/marka-patent-hukuku\/\",\"name\":\"Marka ve Patent Hukuku\"}}]}]}<\/script>\n<!-- \/ Yoast SEO plugin. -->","_links":{"self":[{"href":"https:\/\/aytekinavukatlik.com\/en\/wp-json\/wp\/v2\/pages\/8855"}],"collection":[{"href":"https:\/\/aytekinavukatlik.com\/en\/wp-json\/wp\/v2\/pages"}],"about":[{"href":"https:\/\/aytekinavukatlik.com\/en\/wp-json\/wp\/v2\/types\/page"}],"author":[{"embeddable":true,"href":"https:\/\/aytekinavukatlik.com\/en\/wp-json\/wp\/v2\/users\/2"}],"replies":[{"embeddable":true,"href":"https:\/\/aytekinavukatlik.com\/en\/wp-json\/wp\/v2\/comments?post=8855"}],"version-history":[{"count":6,"href":"https:\/\/aytekinavukatlik.com\/en\/wp-json\/wp\/v2\/pages\/8855\/revisions"}],"predecessor-version":[{"id":9096,"href":"https:\/\/aytekinavukatlik.com\/en\/wp-json\/wp\/v2\/pages\/8855\/revisions\/9096"}],"wp:attachment":[{"href":"https:\/\/aytekinavukatlik.com\/en\/wp-json\/wp\/v2\/media?parent=8855"}],"curies":[{"name":"wp","href":"https:\/\/api.w.org\/{rel}","templated":true}]}}