{"id":8804,"date":"2021-03-29T14:01:51","date_gmt":"2021-03-29T14:01:51","guid":{"rendered":"https:\/\/aytekinavukatlik.com\/?page_id=8804"},"modified":"2021-04-29T15:08:28","modified_gmt":"2021-04-29T15:08:28","slug":"hakkimizda","status":"publish","type":"page","link":"https:\/\/aytekinavukatlik.com\/en\/hakkimizda\/","title":{"rendered":"About Us"},"content":{"rendered":"<style type=\"text\/css\" data-type=\"vc_cmsms_shortcodes-custom-css\"><\/style><div data-vc-full-width=\"true\" data-vc-full-width-init=\"false\" data-vc-parallax=\"1.5\" data-vc-parallax-image=\"https:\/\/aytekinavukatlik.com\/wp-content\/uploads\/2021\/03\/aytekin-hukuk-bg2.jpg\" class=\"vc_row wpb_row vc_row-fluid vc_custom_1617184021834 ccs_default vc_row-has-fill vc_row-o-equal-height vc_row-flex vc_general vc_parallax vc_parallax-content-moving\"><div data-vc-parallax=\"1.5\" class=\"wpb_column vc_column_container vc_col-sm-12 vc_col-has-fill vc_general vc_parallax vc_parallax-content-moving\"><div class=\"vc_column-inner\"><div class=\"wpb_wrapper\"><h2 style=\"color: #ffffff;text-align: center\" class=\"vc_custom_heading vc_custom_1617183483318\" >About Us<\/h2><\/div><\/div><\/div><\/div><div class=\"vc_row-full-width vc_clearfix\"><\/div><div class=\"vc_row wpb_row vc_row-fluid ccs_default\"><div class=\"wpb_column vc_column_container vc_col-sm-12\"><div class=\"vc_column-inner\"><div class=\"wpb_wrapper\">\n\t<div class=\"wpb_text_column wpb_content_element\" >\n\t\t<div class=\"wpb_wrapper\">\n\t\t\t\n\t\t<\/div>\n\t<\/div>\n<\/div><\/div><\/div><\/div><div class=\"vc_row wpb_row vc_row-fluid vc_custom_1617027931832 ccs_default\"><div class=\"wpb_column vc_column_container vc_col-sm-6\"><div class=\"vc_column-inner\"><div class=\"wpb_wrapper\"><h2 style=\"text-align: left\" class=\"vc_custom_heading\" >About Us<\/h2>\n\t<div class=\"wpb_text_column wpb_content_element\" >\n\t\t<div class=\"wpb_wrapper\">\n\t\t\t<p>Aytekin is the young law firm which is assertive about legal services.<\/p>\n<blockquote><p>\nAytekin is in cooperation with experienced consultants and provides wide range of services to clients which includes multinational and local corporations and individuals in order to satisfy their needs.<\/p>\n<p>&nbsp;\n<\/p><\/blockquote>\n<p>The main aim of us is that providing high quality advocacy and legal counselling services to clients by finding the most effective and long terms solutions.<\/p>\n\n\t\t<\/div>\n\t<\/div>\n<\/div><\/div><\/div><div class=\"wpb_column vc_column_container vc_col-sm-6\"><div class=\"vc_column-inner\"><div class=\"wpb_wrapper\">\n\t<div  class=\"wpb_single_image wpb_content_element vc_align_left\">\n\t\t\n\t\t<figure class=\"wpb_wrapper vc_figure\">\n\t\t\t<div class=\"vc_single_image-wrapper   vc_box_border_grey\"><img width=\"600\" height=\"557\" src=\"https:\/\/aytekinavukatlik.com\/wp-content\/uploads\/2021\/03\/hakkimizda-1.png\" class=\"vc_single_image-img attachment-full\" alt=\"\" decoding=\"async\" loading=\"lazy\" srcset=\"https:\/\/aytekinavukatlik.com\/wp-content\/uploads\/2021\/03\/hakkimizda-1.png 600w, https:\/\/aytekinavukatlik.com\/wp-content\/uploads\/2021\/03\/hakkimizda-1-300x279.png 300w\" sizes=\"(max-width: 600px) 100vw, 600px\" \/><\/div>\n\t\t<\/figure>\n\t<\/div>\n<\/div><\/div><\/div><\/div>","protected":false},"excerpt":{"rendered":"Hakk\u0131m\u0131zda Hakk\u0131m\u0131zda Aytekin Hukuk B\u00fcrosu avukatl\u0131k hizmetleri verme konusunda iddial\u0131 ve butik \u00e7al\u0131\u015fan bir hukuk b\u00fcrosudur. \u00c7ok uluslu ve yerli \u015firketlerin ve \u015fah\u0131slar\u0131n hukuki ihtiya\u00e7lar\u0131n\u0131 geni\u015f bir yelpazede kar\u015f\u0131lamak \u00fczere butik bir hukuk b\u00fcrosu olarak donan\u0131ml\u0131 harici dan\u0131\u015fmanlarla da i\u015fbirli\u011fi i\u00e7erisinde hizmet vermektedir. &nbsp; B\u00fcromuzun edinmi\u015f oldu\u011fu \u00f6ncelikli ama\u00e7; m\u00fcvekkillerimize uzun vadeli sonu\u00e7lara en etkin...","protected":false},"author":2,"featured_media":0,"parent":0,"menu_order":0,"comment_status":"closed","ping_status":"closed","template":"","meta":[],"yoast_head":"<!-- This site is optimized with the Yoast SEO plugin v15.9.2 - https:\/\/yoast.com\/wordpress\/plugins\/seo\/ -->\n<title>Hakk\u0131m\u0131zda - Aytekin Hukuk<\/title>\n<link rel=\"canonical\" href=\"https:\/\/aytekinavukatlik.com\/en\/hakkimizda\/\" \/>\n<meta property=\"og:locale\" content=\"en_US\" \/>\n<meta property=\"og:type\" content=\"article\" \/>\n<meta property=\"og:title\" content=\"Hakk\u0131m\u0131zda - Aytekin Hukuk\" \/>\n<meta property=\"og:url\" content=\"https:\/\/aytekinavukatlik.com\/en\/hakkimizda\/\" \/>\n<meta property=\"og:site_name\" content=\"Aytekin Hukuk\" \/>\n<meta property=\"article:modified_time\" content=\"2021-04-29T15:08:28+00:00\" \/>\n<meta name=\"twitter:card\" content=\"summary_large_image\" \/>\n<meta name=\"twitter:label1\" content=\"Est. reading time\">\n\t<meta name=\"twitter:data1\" content=\"1 minute\">\n<script type=\"application\/ld+json\" class=\"yoast-schema-graph\">{\"@context\":\"https:\/\/schema.org\",\"@graph\":[{\"@type\":\"WebSite\",\"@id\":\"https:\/\/aytekinavukatlik.com\/en\/#website\",\"url\":\"https:\/\/aytekinavukatlik.com\/en\/\",\"name\":\"Aytekin Hukuk\",\"description\":\"\",\"potentialAction\":[{\"@type\":\"SearchAction\",\"target\":\"https:\/\/aytekinavukatlik.com\/en\/?s={search_term_string}\",\"query-input\":\"required name=search_term_string\"}],\"inLanguage\":\"en-US\"},{\"@type\":\"WebPage\",\"@id\":\"https:\/\/aytekinavukatlik.com\/hakkimizda\/#webpage\",\"url\":\"https:\/\/aytekinavukatlik.com\/hakkimizda\/\",\"name\":\"Hakk\\u0131m\\u0131zda - Aytekin Hukuk\",\"isPartOf\":{\"@id\":\"https:\/\/aytekinavukatlik.com\/en\/#website\"},\"datePublished\":\"2021-03-29T14:01:51+00:00\",\"dateModified\":\"2021-04-29T15:08:28+00:00\",\"breadcrumb\":{\"@id\":\"https:\/\/aytekinavukatlik.com\/hakkimizda\/#breadcrumb\"},\"inLanguage\":\"en-US\",\"potentialAction\":[{\"@type\":\"ReadAction\",\"target\":[\"https:\/\/aytekinavukatlik.com\/hakkimizda\/\"]}]},{\"@type\":\"BreadcrumbList\",\"@id\":\"https:\/\/aytekinavukatlik.com\/hakkimizda\/#breadcrumb\",\"itemListElement\":[{\"@type\":\"ListItem\",\"position\":1,\"item\":{\"@type\":\"WebPage\",\"@id\":\"https:\/\/aytekinavukatlik.com\/\",\"url\":\"https:\/\/aytekinavukatlik.com\/\",\"name\":\"Home\"}},{\"@type\":\"ListItem\",\"position\":2,\"item\":{\"@type\":\"WebPage\",\"@id\":\"https:\/\/aytekinavukatlik.com\/hakkimizda\/\",\"url\":\"https:\/\/aytekinavukatlik.com\/hakkimizda\/\",\"name\":\"Hakk\\u0131m\\u0131zda\"}}]}]}<\/script>\n<!-- \/ Yoast SEO plugin. -->","_links":{"self":[{"href":"https:\/\/aytekinavukatlik.com\/en\/wp-json\/wp\/v2\/pages\/8804"}],"collection":[{"href":"https:\/\/aytekinavukatlik.com\/en\/wp-json\/wp\/v2\/pages"}],"about":[{"href":"https:\/\/aytekinavukatlik.com\/en\/wp-json\/wp\/v2\/types\/page"}],"author":[{"embeddable":true,"href":"https:\/\/aytekinavukatlik.com\/en\/wp-json\/wp\/v2\/users\/2"}],"replies":[{"embeddable":true,"href":"https:\/\/aytekinavukatlik.com\/en\/wp-json\/wp\/v2\/comments?post=8804"}],"version-history":[{"count":33,"href":"https:\/\/aytekinavukatlik.com\/en\/wp-json\/wp\/v2\/pages\/8804\/revisions"}],"predecessor-version":[{"id":9117,"href":"https:\/\/aytekinavukatlik.com\/en\/wp-json\/wp\/v2\/pages\/8804\/revisions\/9117"}],"wp:attachment":[{"href":"https:\/\/aytekinavukatlik.com\/en\/wp-json\/wp\/v2\/media?parent=8804"}],"curies":[{"name":"wp","href":"https:\/\/api.w.org\/{rel}","templated":true}]}}