{"id":8888,"date":"2021-03-31T13:46:46","date_gmt":"2021-03-31T13:46:46","guid":{"rendered":"https:\/\/aytekinavukatlik.com\/?page_id=8888"},"modified":"2021-06-04T10:36:38","modified_gmt":"2021-06-04T10:36:38","slug":"iletisim","status":"publish","type":"page","link":"https:\/\/aytekinavukatlik.com\/ar\/iletisim\/","title":{"rendered":"\u0627\u0644\u062a\u0648\u0627\u0635\u0644"},"content":{"rendered":"<style type=\"text\/css\" data-type=\"vc_cmsms_shortcodes-custom-css\"><\/style><div data-vc-full-width=\"true\" data-vc-full-width-init=\"false\" data-vc-parallax=\"1.5\" data-vc-parallax-image=\"https:\/\/aytekinavukatlik.com\/wp-content\/uploads\/2021\/04\/aytekin-hukuk-iletisim-1.jpg\" class=\"vc_row wpb_row vc_row-fluid vc_custom_1617360043371 ccs_default vc_row-has-fill vc_row-o-equal-height vc_row-flex vc_general vc_parallax vc_parallax-content-moving\"><div data-vc-parallax=\"1.5\" class=\"wpb_column vc_column_container vc_col-sm-12 vc_col-has-fill vc_general vc_parallax vc_parallax-content-moving\"><div class=\"vc_column-inner\"><div class=\"wpb_wrapper\"><div class=\"vc_empty_space\"   style=\"height: 42px\"><span class=\"vc_empty_space_inner\"><\/span><\/div><h1 style=\"color: #ffffff;text-align: center\" class=\"vc_custom_heading vc_custom_1617198381136\" >\u0627\u0644\u062a\u0648\u0627\u0635\u0644<\/h1><\/div><\/div><\/div><\/div><div class=\"vc_row-full-width vc_clearfix\"><\/div><div class=\"vc_row wpb_row vc_row-fluid vc_custom_1617027931832 ccs_default\"><div class=\"wpb_column vc_column_container vc_col-sm-3\"><div class=\"vc_column-inner\"><div class=\"wpb_wrapper\"><div id=\"cmsms_shcd_60648297b6eca1_69658382\" class=\"cmsms_icon_box cmsms_shcd_60648297b6eca1_69658382 wpb_content_element vc_clearfix cmsms_icon_position_box_top_center\"><section class=\"cmsms_icon_box_inner\"><div class=\"cmsms_icon_box_icon_wrap\"><span class=\"cmsms_icon_box_icon Theme-Default-Icons-phone-alt\"><\/span><\/div><div class=\"cmsms_icon_box_content\"><\/div><\/section><\/div><h5 style=\"text-align: center\" class=\"vc_custom_heading\" ><a href=\"tel:02122616677\">\u0631\u0642\u0645 \u0627\u0644\u0647\u0627\u062a\u0641<\/a><\/h5>\n\t<div class=\"wpb_text_column wpb_content_element  vc_custom_1622802978536\" >\n\t\t<div class=\"wpb_wrapper\">\n\t\t\t<h5 class=\"vc_custom_heading\" style=\"text-align: center;\"><a href=\"tel:+902122616677\">+902122616677<\/a><\/h5>\n\n\t\t<\/div>\n\t<\/div>\n<h5 style=\"text-align: center\" class=\"vc_custom_heading\" ><a href=\"tel:02122616677\">\u0631\u0642\u0645 \u0627\u0644\u0641\u0627\u0643\u0633<\/a><\/h5>\n\t<div class=\"wpb_text_column wpb_content_element  vc_custom_1622802995295\" >\n\t\t<div class=\"wpb_wrapper\">\n\t\t\t<h5 class=\"vc_custom_heading\" style=\"text-align: center;\"><a href=\"tel:+902122616677\"> +902122616677 <\/a><\/h5>\n\n\t\t<\/div>\n\t<\/div>\n<\/div><\/div><\/div><div class=\"wpb_column vc_column_container vc_col-sm-3\"><div class=\"vc_column-inner\"><div class=\"wpb_wrapper\"><div id=\"cmsms_shcd_60648355c9ee46_91322350\" class=\"cmsms_icon_box cmsms_shcd_60648355c9ee46_91322350 wpb_content_element vc_clearfix cmsms_icon_position_box_top_center\"><section class=\"cmsms_icon_box_inner\"><div class=\"cmsms_icon_box_icon_wrap\"><span class=\"cmsms_icon_box_icon Theme-Default-Icons-home-3\"><\/span><\/div><div class=\"cmsms_icon_box_content\"><\/div><\/section><\/div><h5 style=\"text-align: center\" class=\"vc_custom_heading\" ><a href=\"\">\u0639\u0646\u0648\u0627\u0646<\/a><\/h5><h5 style=\"text-align: center\" class=\"vc_custom_heading\" ><a href=\"\">(\u062d\u064a \u0639\u0645\u0631 \u0639\u0648\u0646\u064a\u060c \u0632\u0642\u0627\u0642 \u0627\u064a\u0646\u0627\u0628\u0648\u0644\u0648\u060c \u0627\u0644\u0631\u0642\u0645: 7\/9\u060c \u0633\u064a\u062a \u0623\u0648\u0633\u062a\u0648\u060c \u0643\u0627\u0628\u0627\u062a\u0627\u0634\u060c 34427\u060c \u0625\u0633\u0637\u0646\u0628\u0648\u0644 \/ \u062a\u0631\u0643\u064a\u0627)<\/a><\/h5><\/div><\/div><\/div><div class=\"wpb_column vc_column_container vc_col-sm-3\"><div class=\"vc_column-inner\"><div class=\"wpb_wrapper\"><div id=\"cmsms_shcd_606483f67ee6a7_26142447\" class=\"cmsms_icon_box cmsms_shcd_606483f67ee6a7_26142447 wpb_content_element vc_clearfix cmsms_icon_position_box_top_center\"><section class=\"cmsms_icon_box_inner\"><div class=\"cmsms_icon_box_icon_wrap\"><span class=\"cmsms_icon_box_icon Theme-Default-Icons-envelope-empty\"><\/span><\/div><div class=\"cmsms_icon_box_content\"><\/div><\/section><\/div><h5 style=\"text-align: center\" class=\"vc_custom_heading\" ><a href=\"mailto:info@aytekinavukatlik.com\">\u0639\u0646\u0648\u0627\u0646 \u0627\u0644\u0628\u0631\u064a\u062f \u0627\u0644\u0625\u0644\u0643\u062a\u0631\u0648\u0646\u064a<\/a><\/h5><h5 style=\"text-align: center\" class=\"vc_custom_heading\" ><a href=\"mailto:info@aytekinavukatlik.com\">info@aytekinavukatlik.com<\/a><\/h5><\/div><\/div><\/div><div class=\"wpb_column vc_column_container vc_col-sm-3\"><div class=\"vc_column-inner\"><div class=\"wpb_wrapper\"><div id=\"cmsms_shcd_6064836d241b36_59005425\" class=\"cmsms_icon_box cmsms_shcd_6064836d241b36_59005425 wpb_content_element vc_clearfix cmsms_icon_position_box_top_center\"><section class=\"cmsms_icon_box_inner\"><div class=\"cmsms_icon_box_icon_wrap\"><span class=\"cmsms_icon_box_icon Theme-Default-Icons-time\"><\/span><\/div><div class=\"cmsms_icon_box_content\"><\/div><\/section><\/div><h5 style=\"text-align: center\" class=\"vc_custom_heading\" ><a href=\"\">\u0633\u0627\u0639\u0627\u062a \u0627\u0644\u0639\u0645\u0644<\/a><\/h5><h5 style=\"text-align: center\" class=\"vc_custom_heading\" ><a href=\"\">\u0623\u064a\u0627\u0645 \u0627\u0644\u0623\u0633\u0628\u0648\u0639: 09:00 - 18:00<\/a><\/h5><h5 style=\"text-align: center\" class=\"vc_custom_heading\" ><a href=\"\">\u0627\u0644\u0633\u0628\u062a: 09:00 - 13:00<\/a><\/h5><\/div><\/div><\/div><\/div><div class=\"vc_row wpb_row vc_row-fluid vc_custom_1617027931832 ccs_default\"><div class=\"wpb_column vc_column_container vc_col-sm-6\"><div class=\"vc_column-inner\"><div class=\"wpb_wrapper\">\n\t<div class=\"wpb_text_column wpb_content_element\" >\n\t\t<div class=\"wpb_wrapper\">\n\t\t\t<p><iframe loading=\"lazy\" style=\"border: 0;\" src=\"https:\/\/www.google.com\/maps\/embed?pb=!1m18!1m12!1m3!1d3009.601187418308!2d28.989448216269892!3d41.03398037929814!2m3!1f0!2f0!3f0!3m2!1i1024!2i768!4f13.1!3m3!1m2!1s0x14cab77bbb9f452d%3A0xf3769c04026264de!2zw5ZtZXIgQXZuaSwgxLBuZWJvbHUgU2suIE5vOjksIDM0NDI3IEJleW_En2x1L8Swc3RhbmJ1bA!5e0!3m2!1str!2str!4v1619785693723!5m2!1str!2str\" width=\"100%\" height=\"400\" allowfullscreen=\"allowfullscreen\"><\/iframe><\/p>\n\n\t\t<\/div>\n\t<\/div>\n<\/div><\/div><\/div><div class=\"wpb_column vc_column_container vc_col-sm-6\"><div class=\"vc_column-inner\"><div class=\"wpb_wrapper\"><h2 style=\"text-align: left\" class=\"vc_custom_heading\" >\u0627\u0633\u062a\u0645\u0627\u0631\u0629 \u0627\u0644\u062a\u0648\u0627\u0635\u0644<\/h2><div role=\"form\" class=\"wpcf7\" id=\"wpcf7-f8891-o1\" lang=\"tr-TR\" dir=\"ltr\">\n<div class=\"screen-reader-response\"><p role=\"status\" aria-live=\"polite\" aria-atomic=\"true\"><\/p> <ul><\/ul><\/div>\n<form action=\"\/ar\/wp-json\/wp\/v2\/pages\/8888#wpcf7-f8891-o1\" method=\"post\" class=\"wpcf7-form init\" novalidate=\"novalidate\" data-status=\"init\" data-trp-original-action=\"\/ar\/wp-json\/wp\/v2\/pages\/8888#wpcf7-f8891-o1\">\n<div style=\"display: none;\">\n<input type=\"hidden\" name=\"_wpcf7\" value=\"8891\" \/>\n<input type=\"hidden\" name=\"_wpcf7_version\" value=\"5.4.1\" \/>\n<input type=\"hidden\" name=\"_wpcf7_locale\" value=\"tr_TR\" \/>\n<input type=\"hidden\" name=\"_wpcf7_unit_tag\" value=\"wpcf7-f8891-o1\" \/>\n<input type=\"hidden\" name=\"_wpcf7_container_post\" value=\"0\" \/>\n<input type=\"hidden\" name=\"_wpcf7_posted_data_hash\" value=\"\" \/>\n<\/div>\n<p><span class=\"wpcf7-form-control-wrap your-name\"><input type=\"text\" name=\"your-name\" value=\"\" size=\"40\" class=\"wpcf7-form-control wpcf7-text wpcf7-validates-as-required\" aria-required=\"true\" aria-invalid=\"false\" placeholder=\"\u0627\u0644\u0627\u0633\u0645 \u0648\u0627\u0633\u0645 \u0627\u0644\u0639\u0627\u0626\u0644\u0629\" \/><\/span><\/p>\n<p><span class=\"wpcf7-form-control-wrap your-email\"><input type=\"email\" name=\"your-email\" value=\"\" size=\"40\" class=\"wpcf7-form-control wpcf7-text wpcf7-email wpcf7-validates-as-required wpcf7-validates-as-email\" aria-required=\"true\" aria-invalid=\"false\" placeholder=\"\u0639\u0646\u0648\u0627\u0646 \u0627\u0644\u0628\u0631\u064a\u062f \u0627\u0644\u0625\u0644\u0643\u062a\u0631\u0648\u0646\u064a\" \/><\/span><\/p>\n<p><span class=\"wpcf7-form-control-wrap your-message\"><textarea name=\"your-message\" cols=\"40\" rows=\"10\" class=\"wpcf7-form-control wpcf7-textarea\" aria-invalid=\"false\" placeholder=\"\u0631\u0633\u0627\u0644\u062a\u0643\"><\/textarea><\/span> <\/p>\n<p><input type=\"submit\" value=\"\u0623\u0631\u0633\u0644\" class=\"wpcf7-form-control wpcf7-submit\" \/><\/p>\n<p style=\"display: none !important;\" class=\"akismet-fields-container\" data-prefix=\"_wpcf7_ak_\"><label>&#916;<textarea name=\"_wpcf7_ak_hp_textarea\" cols=\"45\" rows=\"8\" maxlength=\"100\"><\/textarea><\/label><input type=\"hidden\" id=\"ak_js_1\" name=\"_wpcf7_ak_js\" value=\"211\"\/><script>document.getElementById( \"ak_js_1\" ).setAttribute( \"value\", ( new Date() ).getTime() );<\/script><\/p><div class=\"wpcf7-response-output\" aria-hidden=\"true\"><\/div><input type=\"hidden\" name=\"trp-form-language\" value=\"ar\"\/><\/form><\/div><\/div><\/div><\/div><\/div>","protected":false},"excerpt":{"rendered":"\u0130leti\u015fimTelefon +902122616677 Faks: +902122616677 Adres\u00d6mer Avni Mahallesi \u0130nebolu Sok. No:9\/7 34427 Set\u00fcst\u00fc Kabata\u015f, \u0130stanbulE-Mailinfo@aytekinavukatlik.com\u00c7al\u0131\u015fma SaatleriHafta \u0130\u00e7i: 09:00-18:00Cumartesi: 09:00-13:00 \u0130leti\u015fim Formu &#916;","protected":false},"author":2,"featured_media":0,"parent":0,"menu_order":0,"comment_status":"closed","ping_status":"closed","template":"","meta":[],"yoast_head":"<!-- This site is optimized with the Yoast SEO plugin v15.9.2 - https:\/\/yoast.com\/wordpress\/plugins\/seo\/ -->\n<title>\u0130leti\u015fim - Aytekin Hukuk<\/title>\n<link rel=\"canonical\" href=\"https:\/\/aytekinavukatlik.com\/ar\/iletisim\/\" \/>\n<meta property=\"og:locale\" content=\"ar_AR\" \/>\n<meta property=\"og:type\" content=\"article\" \/>\n<meta property=\"og:title\" content=\"\u0130leti\u015fim - Aytekin Hukuk\" \/>\n<meta property=\"og:url\" content=\"https:\/\/aytekinavukatlik.com\/ar\/iletisim\/\" \/>\n<meta property=\"og:site_name\" content=\"Aytekin Hukuk\" \/>\n<meta property=\"article:modified_time\" content=\"2021-06-04T10:36:38+00:00\" \/>\n<meta name=\"twitter:card\" content=\"summary_large_image\" \/>\n<meta name=\"twitter:label1\" content=\"\u0648\u0642\u062a \u0627\u0644\u0642\u0631\u0627\u0621\u0629 \u0627\u0644\u0645\u064f\u0642\u062f\u0651\u0631\">\n\t<meta name=\"twitter:data1\" content=\"\u062f\u0642\u064a\u0642\u0629 \u0648\u0627\u062d\u062f\u0629\">\n<script type=\"application\/ld+json\" class=\"yoast-schema-graph\">{\"@context\":\"https:\/\/schema.org\",\"@graph\":[{\"@type\":\"WebSite\",\"@id\":\"https:\/\/aytekinavukatlik.com\/en\/#website\",\"url\":\"https:\/\/aytekinavukatlik.com\/en\/\",\"name\":\"Aytekin Hukuk\",\"description\":\"\",\"potentialAction\":[{\"@type\":\"SearchAction\",\"target\":\"https:\/\/aytekinavukatlik.com\/en\/?s={search_term_string}\",\"query-input\":\"required name=search_term_string\"}],\"inLanguage\":\"ar\"},{\"@type\":\"WebPage\",\"@id\":\"https:\/\/aytekinavukatlik.com\/iletisim\/#webpage\",\"url\":\"https:\/\/aytekinavukatlik.com\/iletisim\/\",\"name\":\"\\u0130leti\\u015fim - Aytekin Hukuk\",\"isPartOf\":{\"@id\":\"https:\/\/aytekinavukatlik.com\/en\/#website\"},\"datePublished\":\"2021-03-31T13:46:46+00:00\",\"dateModified\":\"2021-06-04T10:36:38+00:00\",\"breadcrumb\":{\"@id\":\"https:\/\/aytekinavukatlik.com\/iletisim\/#breadcrumb\"},\"inLanguage\":\"ar\",\"potentialAction\":[{\"@type\":\"ReadAction\",\"target\":[\"https:\/\/aytekinavukatlik.com\/iletisim\/\"]}]},{\"@type\":\"BreadcrumbList\",\"@id\":\"https:\/\/aytekinavukatlik.com\/iletisim\/#breadcrumb\",\"itemListElement\":[{\"@type\":\"ListItem\",\"position\":1,\"item\":{\"@type\":\"WebPage\",\"@id\":\"https:\/\/aytekinavukatlik.com\/\",\"url\":\"https:\/\/aytekinavukatlik.com\/\",\"name\":\"Home\"}},{\"@type\":\"ListItem\",\"position\":2,\"item\":{\"@type\":\"WebPage\",\"@id\":\"https:\/\/aytekinavukatlik.com\/iletisim\/\",\"url\":\"https:\/\/aytekinavukatlik.com\/iletisim\/\",\"name\":\"\\u0130leti\\u015fim\"}}]}]}<\/script>\n<!-- \/ Yoast SEO plugin. -->","_links":{"self":[{"href":"https:\/\/aytekinavukatlik.com\/ar\/wp-json\/wp\/v2\/pages\/8888"}],"collection":[{"href":"https:\/\/aytekinavukatlik.com\/ar\/wp-json\/wp\/v2\/pages"}],"about":[{"href":"https:\/\/aytekinavukatlik.com\/ar\/wp-json\/wp\/v2\/types\/page"}],"author":[{"embeddable":true,"href":"https:\/\/aytekinavukatlik.com\/ar\/wp-json\/wp\/v2\/users\/2"}],"replies":[{"embeddable":true,"href":"https:\/\/aytekinavukatlik.com\/ar\/wp-json\/wp\/v2\/comments?post=8888"}],"version-history":[{"count":26,"href":"https:\/\/aytekinavukatlik.com\/ar\/wp-json\/wp\/v2\/pages\/8888\/revisions"}],"predecessor-version":[{"id":9151,"href":"https:\/\/aytekinavukatlik.com\/ar\/wp-json\/wp\/v2\/pages\/8888\/revisions\/9151"}],"wp:attachment":[{"href":"https:\/\/aytekinavukatlik.com\/ar\/wp-json\/wp\/v2\/media?parent=8888"}],"curies":[{"name":"wp","href":"https:\/\/api.w.org\/{rel}","templated":true}]}}