{"id":8844,"date":"2021-03-31T09:49:11","date_gmt":"2021-03-31T09:49:11","guid":{"rendered":"https:\/\/aytekinavukatlik.com\/?page_id=8844"},"modified":"2021-06-03T11:35:39","modified_gmt":"2021-06-03T11:35:39","slug":"yabancilar-ve-vatandaslik-hukuku","status":"publish","type":"page","link":"https:\/\/aytekinavukatlik.com\/ar\/yabancilar-ve-vatandaslik-hukuku\/","title":{"rendered":"\u0642\u0627\u0646\u0648\u0646 \u0627\u0644\u062a\u062c\u0646\u064a\u0633 \u0648\u0627\u0644\u0623\u062c\u0627\u0646\u0628"},"content":{"rendered":"<style type=\"text\/css\" data-type=\"vc_cmsms_shortcodes-custom-css\"><\/style><div data-vc-full-width=\"true\" data-vc-full-width-init=\"false\" data-vc-parallax=\"1.5\" data-vc-parallax-image=\"https:\/\/aytekinavukatlik.com\/wp-content\/uploads\/2021\/04\/aytekin-hukuk-hizmetler.jpg\" class=\"vc_row wpb_row vc_row-fluid vc_custom_1617360281890 ccs_default vc_row-has-fill vc_row-o-equal-height vc_row-flex vc_general vc_parallax vc_parallax-content-moving\"><div data-vc-parallax=\"1.5\" class=\"wpb_column vc_column_container vc_col-sm-12 vc_col-has-fill vc_general vc_parallax vc_parallax-content-moving\"><div class=\"vc_column-inner\"><div class=\"wpb_wrapper\"><div class=\"vc_empty_space\"   style=\"height: 42px\"><span class=\"vc_empty_space_inner\"><\/span><\/div><h2 style=\"color: #ffffff;text-align: center\" class=\"vc_custom_heading vc_custom_1619708837299\" >\u0642\u0627\u0646\u0648\u0646 \u0627\u0644\u062a\u062c\u0646\u064a\u0633 \u0648\u0627\u0644\u0623\u062c\u0627\u0646\u0628<\/h2><\/div><\/div><\/div><\/div><div class=\"vc_row-full-width vc_clearfix\"><\/div><div class=\"vc_row wpb_row vc_row-fluid ccs_default\"><div class=\"wpb_column vc_column_container vc_col-sm-12\"><div class=\"vc_column-inner\"><div class=\"wpb_wrapper\">\n\t<div class=\"wpb_text_column wpb_content_element\" >\n\t\t<div class=\"wpb_wrapper\">\n\t\t\t\n\t\t<\/div>\n\t<\/div>\n<\/div><\/div><\/div><\/div><div class=\"vc_row wpb_row vc_row-fluid vc_custom_1617027931832 ccs_default\"><div class=\"wpb_column vc_column_container vc_col-sm-6\"><div class=\"vc_column-inner\"><div class=\"wpb_wrapper\"><h2 style=\"text-align: left\" class=\"vc_custom_heading\" >\u0642\u0627\u0646\u0648\u0646 \u0627\u0644\u062a\u062c\u0646\u064a\u0633 \u0648\u0627\u0644\u0623\u062c\u0627\u0646\u0628<\/h2>\n\t<div class=\"wpb_text_column wpb_content_element\" >\n\t\t<div class=\"wpb_wrapper\">\n\t\t\t<p>\u0646\u062d\u0646 \u0643\u0645\u0643\u062a\u0628 \u0622\u064a\u062a\u0643\u064a\u0646 (Aytekin) \u0627\u0644\u0642\u0627\u0646\u0648\u0646\u064a\u061b \u0646\u0642\u062f\u0645 \u062e\u062f\u0645\u0627\u062a \u0627\u062d\u062a\u0631\u0627\u0641\u064a\u0629 \u0641\u064a \u0645\u062c\u0627\u0644 \u0642\u0627\u0646\u0648\u0646 \u0627\u0644\u062a\u062c\u0646\u064a\u0633 \u0639\u0646 \u0637\u0631\u064a\u0642 \u0627\u0644\u0645\u062d\u0627\u0645\u064a\u0646 \u0627\u0644\u062d\u0631\u0641\u064a\u064a\u0646 \u0627\u0644\u0630\u064a\u0646 \u064a\u0639\u0645\u0644\u0648\u0646 \u0644\u062f\u064a\u0646\u0627 \u0641\u064a \u0647\u0630\u0627 \u0627\u0644\u0645\u062c\u0627\u0644 \u0648\u0627\u0644\u0630\u064a\u0646 \u0647\u0645 \u064a\u062a\u0639\u0627\u0645\u0644\u0648\u0646 \u0645\u0639 \u0645\u0648\u0643\u0644\u064a\u0646\u0627 \u0627\u0644\u0645\u062a\u0648\u0627\u062c\u062f\u064a\u0646 \u0641\u064a \u0623\u0643\u062b\u0631 \u0645\u0646 40 \u062f\u0648\u0644\u0629 \u0645\u0646\u0630 \u0633\u0646\u064a\u0646 \u0637\u0648\u064a\u0644\u0629.<\/p>\n<blockquote><p>\n\u0627\u0644\u062e\u062f\u0645\u0627\u062a \u0627\u0644\u0645\u0642\u062f\u0645\u0629 \u0641\u064a \u0645\u062c\u0627\u0644 \u0642\u0627\u0646\u0648\u0646 \u0627\u0644\u0623\u062c\u0627\u0646\u0628\n<\/p><\/blockquote>\n<p>\u2022\t\u0627\u0644\u062a\u0642\u062f\u064a\u0645 \u0628\u0627\u0644\u0637\u0644\u0628 \u0645\u0646 \u0623\u062c\u0644 \u0627\u0644\u062d\u0635\u0648\u0644 \u0639\u0644\u0649 \u0627\u0644\u062c\u0646\u0633\u064a\u0629 \u0627\u0644\u062a\u0631\u0643\u064a\u0629<br \/>\n\u2022\t\u0627\u0633\u062a\u062e\u0631\u0627\u062c \u0625\u0630\u0646 \u0627\u0644\u0625\u0642\u0627\u0645\u0629\u060c \u062a\u0645\u062f\u064a\u062f \u0625\u0630\u0646 \u0627\u0644\u0625\u0642\u0627\u0645\u0629<br \/>\n\u2022\t\u0627\u0633\u062a\u062e\u0631\u0627\u062c \u0625\u0630\u0646 \u0627\u0644\u0639\u0645\u0644\u060c \u062a\u0645\u062f\u064a\u062f \u0625\u0630\u0646 \u0627\u0644\u0639\u0645\u0644<br \/>\n\u2022\t\u062a\u0635\u062f\u064a\u0642 \u0627\u0644\u0623\u0648\u0631\u0627\u0642 \u0648\u0623\u0639\u0645\u0627\u0644 \u0627\u0644\u0623\u0628\u0648\u0633\u062a\u064a\u0644<br \/>\n\u2022\t\u0627\u0644\u0627\u0639\u062a\u0631\u0627\u0641 \u0628\u0627\u0644\u0642\u0631\u0627\u0631\u0627\u062a \u0627\u0644\u0645\u062a\u062e\u0630\u0629 \u0641\u064a \u062e\u0627\u0631\u062c \u0627\u0644\u0628\u0644\u062f \u0628\u062e\u0635\u0648\u0635 \u0627\u0644\u0637\u0644\u0627\u0642 \u0648\u062a\u0646\u0641\u064a\u0630\u0647\u0627<br \/>\n\u2022\t\u0625\u062c\u0631\u0627\u0621\u0627\u062a \u0627\u0644\u062a\u0642\u062f\u064a\u0645 \u0628\u0627\u0644\u0637\u0644\u0628 \u0645\u0646 \u0623\u062c\u0644 \u0627\u0644\u0623\u0634\u062e\u0627\u0635 \u0627\u0644\u0630\u064a\u0646 \u064a\u0631\u063a\u0628\u0648\u0646 \u0628\u0627\u0644\u062a\u062e\u0644\u064a \u0645\u0646 \u062d\u0642 \u0627\u0644\u062c\u0646\u0633\u064a\u0629 \u0627\u0644\u062a\u0631\u0643\u064a\u0629<br \/>\n\u2022\t\u062d\u0642 \u0627\u0644\u0645\u064a\u0631\u0627\u062b<br \/>\n\u2022\t\u0627\u0644\u0633\u0646\u062f\u060c \u0627\u0644\u0631\u0647\u0646 \u0627\u0644\u0639\u0642\u0627\u0631\u064a<br \/>\n\u2022\t\u0627\u0644\u0632\u0648\u0627\u062c\u060c \u0627\u0644\u0637\u0644\u0627\u0642<br \/>\n\u2022\t\u0627\u0644\u062a\u0642\u062f\u064a\u0645 \u0628\u0627\u0644\u0637\u0644\u0628 \u0625\u0644\u0649 \u0627\u0644\u0645\u0624\u0633\u0633\u0627\u062a \u0627\u0644\u0631\u0633\u0645\u064a\u0629<br \/>\n\u2022\t\u0627\u0644\u062a\u0642\u062f\u064a\u0645 \u0628\u0627\u0644\u0637\u0644\u0628 \u0625\u0644\u0649 \u0627\u0644\u0645\u062d\u0627\u0643\u0645<br \/>\n\u2022\t\u062a\u0648\u0641\u064a\u0631 \u0627\u0644\u062f\u0639\u0645 \u0627\u0644\u0642\u0627\u0646\u0648\u0646\u064a \u0641\u064a \u0645\u0648\u0627\u0636\u064a\u0639 \u0627\u0645\u062a\u0644\u0627\u0643 \u0627\u0644\u0623\u0645\u0648\u0627\u0644 \u0627\u0644\u063a\u064a\u0631 \u0645\u0646\u0642\u0648\u0644\u0629<\/p>\n\n\t\t<\/div>\n\t<\/div>\n<\/div><\/div><\/div><div class=\"wpb_column vc_column_container vc_col-sm-6\"><div class=\"vc_column-inner\"><div class=\"wpb_wrapper\">\n\t<div  class=\"wpb_single_image wpb_content_element vc_align_left\">\n\t\t\n\t\t<figure class=\"wpb_wrapper vc_figure\">\n\t\t\t<div class=\"vc_single_image-wrapper   vc_box_border_grey\"><img width=\"563\" height=\"615\" src=\"https:\/\/aytekinavukatlik.com\/wp-content\/uploads\/2021\/03\/yabancilar-hukuku.jpg\" class=\"vc_single_image-img attachment-full\" alt=\"\" decoding=\"async\" loading=\"lazy\" srcset=\"https:\/\/aytekinavukatlik.com\/wp-content\/uploads\/2021\/03\/yabancilar-hukuku.jpg 563w, https:\/\/aytekinavukatlik.com\/wp-content\/uploads\/2021\/03\/yabancilar-hukuku-275x300.jpg 275w\" sizes=\"(max-width: 563px) 100vw, 563px\" \/><\/div>\n\t\t<\/figure>\n\t<\/div>\n<\/div><\/div><\/div><\/div>","protected":false},"excerpt":{"rendered":"Yabanc\u0131lar ve Vatanda\u015fl\u0131k Hukuku Yabanc\u0131lar ve Vatanda\u015fl\u0131k Hukuku Aytekin Hukuk B\u00fcrosu , olarak uzun y\u0131llard\u0131r 40\u2019\u0131 a\u015fk\u0131n \u00fclkeden m\u00fcvekkillerimize uzman avukat kadromuz ile Yabanc\u0131lar ve Vatanda\u015fl\u0131k Hukuku alan\u0131nda profesyonel hizmet sunmaktay\u0131z.. Yabanc\u0131lar hukuku alan\u0131nda verilen hizmetler; \u2022 T\u00fcrk vatanda\u015fl\u0131\u011f\u0131 ba\u015fvurular\u0131 \u2022 Oturma izni al\u0131nmas\u0131, Oturma izninin uzat\u0131lmas\u0131 \u2022 \u00c7al\u0131\u015fma izni al\u0131nmas\u0131, \u00c7al\u0131\u015fma izninin uzat\u0131lmas\u0131 \u2022...","protected":false},"author":2,"featured_media":0,"parent":0,"menu_order":0,"comment_status":"closed","ping_status":"closed","template":"","meta":[],"yoast_head":"<!-- This site is optimized with the Yoast SEO plugin v15.9.2 - https:\/\/yoast.com\/wordpress\/plugins\/seo\/ -->\n<title>Yabanc\u0131lar ve Vatanda\u015fl\u0131k Hukuku - Aytekin Hukuk<\/title>\n<link rel=\"canonical\" href=\"https:\/\/aytekinavukatlik.com\/ar\/yabancilar-ve-vatandaslik-hukuku\/\" \/>\n<meta property=\"og:locale\" content=\"ar_AR\" \/>\n<meta property=\"og:type\" content=\"article\" \/>\n<meta property=\"og:title\" content=\"Yabanc\u0131lar ve Vatanda\u015fl\u0131k Hukuku - Aytekin Hukuk\" \/>\n<meta property=\"og:url\" content=\"https:\/\/aytekinavukatlik.com\/ar\/yabancilar-ve-vatandaslik-hukuku\/\" \/>\n<meta property=\"og:site_name\" content=\"Aytekin Hukuk\" \/>\n<meta property=\"article:modified_time\" content=\"2021-06-03T11:35:39+00:00\" \/>\n<meta name=\"twitter:card\" content=\"summary_large_image\" \/>\n<meta name=\"twitter:label1\" content=\"\u0648\u0642\u062a \u0627\u0644\u0642\u0631\u0627\u0621\u0629 \u0627\u0644\u0645\u064f\u0642\u062f\u0651\u0631\">\n\t<meta name=\"twitter:data1\" content=\"\u062f\u0642\u064a\u0642\u0629 \u0648\u0627\u062d\u062f\u0629\">\n<script type=\"application\/ld+json\" class=\"yoast-schema-graph\">{\"@context\":\"https:\/\/schema.org\",\"@graph\":[{\"@type\":\"WebSite\",\"@id\":\"https:\/\/aytekinavukatlik.com\/en\/#website\",\"url\":\"https:\/\/aytekinavukatlik.com\/en\/\",\"name\":\"Aytekin Hukuk\",\"description\":\"\",\"potentialAction\":[{\"@type\":\"SearchAction\",\"target\":\"https:\/\/aytekinavukatlik.com\/en\/?s={search_term_string}\",\"query-input\":\"required name=search_term_string\"}],\"inLanguage\":\"ar\"},{\"@type\":\"WebPage\",\"@id\":\"https:\/\/aytekinavukatlik.com\/yabancilar-ve-vatandaslik-hukuku\/#webpage\",\"url\":\"https:\/\/aytekinavukatlik.com\/yabancilar-ve-vatandaslik-hukuku\/\",\"name\":\"Yabanc\\u0131lar ve Vatanda\\u015fl\\u0131k Hukuku - Aytekin Hukuk\",\"isPartOf\":{\"@id\":\"https:\/\/aytekinavukatlik.com\/en\/#website\"},\"datePublished\":\"2021-03-31T09:49:11+00:00\",\"dateModified\":\"2021-06-03T11:35:39+00:00\",\"breadcrumb\":{\"@id\":\"https:\/\/aytekinavukatlik.com\/yabancilar-ve-vatandaslik-hukuku\/#breadcrumb\"},\"inLanguage\":\"ar\",\"potentialAction\":[{\"@type\":\"ReadAction\",\"target\":[\"https:\/\/aytekinavukatlik.com\/yabancilar-ve-vatandaslik-hukuku\/\"]}]},{\"@type\":\"BreadcrumbList\",\"@id\":\"https:\/\/aytekinavukatlik.com\/yabancilar-ve-vatandaslik-hukuku\/#breadcrumb\",\"itemListElement\":[{\"@type\":\"ListItem\",\"position\":1,\"item\":{\"@type\":\"WebPage\",\"@id\":\"https:\/\/aytekinavukatlik.com\/\",\"url\":\"https:\/\/aytekinavukatlik.com\/\",\"name\":\"Home\"}},{\"@type\":\"ListItem\",\"position\":2,\"item\":{\"@type\":\"WebPage\",\"@id\":\"https:\/\/aytekinavukatlik.com\/yabancilar-ve-vatandaslik-hukuku\/\",\"url\":\"https:\/\/aytekinavukatlik.com\/yabancilar-ve-vatandaslik-hukuku\/\",\"name\":\"Yabanc\\u0131lar ve Vatanda\\u015fl\\u0131k Hukuku\"}}]}]}<\/script>\n<!-- \/ Yoast SEO plugin. -->","_links":{"self":[{"href":"https:\/\/aytekinavukatlik.com\/ar\/wp-json\/wp\/v2\/pages\/8844"}],"collection":[{"href":"https:\/\/aytekinavukatlik.com\/ar\/wp-json\/wp\/v2\/pages"}],"about":[{"href":"https:\/\/aytekinavukatlik.com\/ar\/wp-json\/wp\/v2\/types\/page"}],"author":[{"embeddable":true,"href":"https:\/\/aytekinavukatlik.com\/ar\/wp-json\/wp\/v2\/users\/2"}],"replies":[{"embeddable":true,"href":"https:\/\/aytekinavukatlik.com\/ar\/wp-json\/wp\/v2\/comments?post=8844"}],"version-history":[{"count":19,"href":"https:\/\/aytekinavukatlik.com\/ar\/wp-json\/wp\/v2\/pages\/8844\/revisions"}],"predecessor-version":[{"id":9140,"href":"https:\/\/aytekinavukatlik.com\/ar\/wp-json\/wp\/v2\/pages\/8844\/revisions\/9140"}],"wp:attachment":[{"href":"https:\/\/aytekinavukatlik.com\/ar\/wp-json\/wp\/v2\/media?parent=8844"}],"curies":[{"name":"wp","href":"https:\/\/api.w.org\/{rel}","templated":true}]}}